{"id":137331,"date":"2023-03-27T18:25:48","date_gmt":"2024-11-11T14:13:44","guid":{"rendered":"https:\/\/kingarms.ee\/product\/triple-dengtos-deklo-kisenes-m4-556-mm-karys\/"},"modified":"2024-11-11T17:13:44","modified_gmt":"2024-11-11T14:13:44","slug":"trigubai-dengta-plytele-m4-556-mm-kareivis","status":"publish","type":"product","link":"https:\/\/kingarms.ee\/lt\/product\/trigubai-dengta-plytele-m4-556-mm-kareivis\/","title":{"rendered":"Triple -dengtos d\u0117klo ki\u0161en\u0117s M4 5,56 mm (karys)"},"content":{"rendered":"<p><img loading=\"lazy\" decoding=\"async\" class=\"alignnone size-full wp-image-76545\" src=\"https:\/\/kingarms.ee\/wp-content\/uploads\/2023\/03\/W-EO-TM4-MC-3-1000x1000-1.jpg\" alt=\"\" width=\"1000\" height=\"1000\" srcset=\"https:\/\/kingarms.ee\/wp-content\/uploads\/2023\/03\/W-EO-TM4-MC-3-1000x1000-1.jpg 1000w, https:\/\/kingarms.ee\/wp-content\/uploads\/2023\/03\/W-EO-TM4-MC-3-1000x1000-1-300x300.jpg 300w, https:\/\/kingarms.ee\/wp-content\/uploads\/2023\/03\/W-EO-TM4-MC-3-1000x1000-1-150x150.jpg 150w, https:\/\/kingarms.ee\/wp-content\/uploads\/2023\/03\/W-EO-TM4-MC-3-1000x1000-1-768x768.jpg 768w, https:\/\/kingarms.ee\/wp-content\/uploads\/2023\/03\/W-EO-TM4-MC-3-1000x1000-1-500x500.jpg 500w\" sizes=\"auto, (max-width: 1000px) 100vw, 1000px\" \/><\/p>\n","protected":false},"excerpt":{"rendered":"<p>Triple -dengtos d\u0117klo Ki\u0161en\u0117s M4 5,56 mm (Karyys)<\/p>\n","protected":false},"featured_media":127994,"template":"","meta":{"_acf_changed":false},"product_brand":[],"product_cat":[1242],"product_tag":[],"class_list":{"0":"post-137331","1":"product","2":"type-product","3":"status-publish","4":"has-post-thumbnail","6":"product_cat-sandeliavimo-kisenes","8":"first","9":"instock","10":"taxable","11":"shipping-taxable","12":"purchasable","13":"product-type-simple"},"acf":[],"_links":{"self":[{"href":"https:\/\/kingarms.ee\/lt\/wp-json\/wp\/v2\/product\/137331","targetHints":{"allow":["GET"]}}],"collection":[{"href":"https:\/\/kingarms.ee\/lt\/wp-json\/wp\/v2\/product"}],"about":[{"href":"https:\/\/kingarms.ee\/lt\/wp-json\/wp\/v2\/types\/product"}],"wp:featuredmedia":[{"embeddable":true,"href":"https:\/\/kingarms.ee\/lt\/wp-json\/wp\/v2\/media\/127994"}],"wp:attachment":[{"href":"https:\/\/kingarms.ee\/lt\/wp-json\/wp\/v2\/media?parent=137331"}],"wp:term":[{"taxonomy":"product_brand","embeddable":true,"href":"https:\/\/kingarms.ee\/lt\/wp-json\/wp\/v2\/product_brand?post=137331"},{"taxonomy":"product_cat","embeddable":true,"href":"https:\/\/kingarms.ee\/lt\/wp-json\/wp\/v2\/product_cat?post=137331"},{"taxonomy":"product_tag","embeddable":true,"href":"https:\/\/kingarms.ee\/lt\/wp-json\/wp\/v2\/product_tag?post=137331"}],"curies":[{"name":"wp","href":"https:\/\/api.w.org\/{rel}","templated":true}]}}