{"id":137405,"date":"2024-03-01T18:53:38","date_gmt":"2024-11-13T10:20:22","guid":{"rendered":"https:\/\/kingarms.ee\/product\/vyras-kung-plankabch-185-svaru-camo-mk-xb86dc\/"},"modified":"2024-11-13T13:20:22","modified_gmt":"2024-11-13T10:20:22","slug":"man-kung-blokkamb-185-lbs-camo-mk-xb86dc","status":"publish","type":"product","link":"https:\/\/kingarms.ee\/lt\/product\/man-kung-blokkamb-185-lbs-camo-mk-xb86dc\/","title":{"rendered":"Vyras Kung Plankabch 185 Svar\u0173 Camo (MK-XB86DC)"},"content":{"rendered":"<p><img loading=\"lazy\" decoding=\"async\" class=\"alignnone size-full wp-image-98923\" src=\"https:\/\/kingarms.ee\/wp-content\/uploads\/2024\/03\/man-kung-compound-crossbow-fighter-185-lbs-camo-mk-xb86dc.jpg\" alt=\"\" width=\"600\" height=\"600\" srcset=\"https:\/\/kingarms.ee\/wp-content\/uploads\/2024\/03\/man-kung-compound-crossbow-fighter-185-lbs-camo-mk-xb86dc.jpg 600w, https:\/\/kingarms.ee\/wp-content\/uploads\/2024\/03\/man-kung-compound-crossbow-fighter-185-lbs-camo-mk-xb86dc-300x300.jpg 300w, https:\/\/kingarms.ee\/wp-content\/uploads\/2024\/03\/man-kung-compound-crossbow-fighter-185-lbs-camo-mk-xb86dc-150x150.jpg 150w, https:\/\/kingarms.ee\/wp-content\/uploads\/2024\/03\/man-kung-compound-crossbow-fighter-185-lbs-camo-mk-xb86dc-500x500.jpg 500w\" sizes=\"auto, (max-width: 600px) 100vw, 600px\" \/><\/p>\n","protected":false},"excerpt":{"rendered":"<p>Vyras Kungb Blokkb 185 Svar\u0173 \u201eCAMO\u201c (MK-XB86DC) Techniniai Duomenys: \u201eCompunda Amb Fighter Man Kung\u201c Gamyba.<br \/>\n185 Svarai.<br \/>\nGretitas 370 Kadr\u0173 per sekund\u0119.<br \/>\nNuo Ashies IKI 21.5 colio.<br \/>\nPevara 14,5 colio.<br \/>\nStiklo Pluo\u0161to Gal\u016bn\u0117s.<br \/>\nCNC Aliuminio statin\u0117 IR Skimuliai.<br \/>\nPolimero med\u017eia su tavo reguliuojamu Auk\u0161\u010dio skRuoostikauliu ir Gumintu Pe\u010di\u0173 PAD.<br \/>\nSauso Gaisro inhibitorio technologas, Nelitianant Uzidegti.<br \/>\nStandartin\u0117s SKAIDR\u0117 20 mm.<br \/>\nPrijekinas Rankena.<\/p>\n<p> 4 kart\u0173 mastelio keitimo optika, 32 mm sm\u016bgiams nuo antireflekcijos ir apsauginis nuo r\u016bko l\u0119\u0161i\u0173 su reguliuojamu k\u0117limu ir dreifu.<br \/>\nGumos vibracijos duslintuvai.<br \/>\n\u201eQuiver\u201c rodykl\u0117s laikiklis su 4 20 coli\u0173 anglies rodykl\u0117mis.<br \/>\nAteina su krautuvu.<br \/>\nKomplekte yra dir\u017eelis ir va\u0161kas.<br \/>\nIlgis 94 cm.<br \/>\nSvoris 3500 g.<br \/>\nPrie\u0161 siun\u010diant,<\/p>\n","protected":false},"featured_media":134856,"template":"","meta":{"_acf_changed":false},"product_brand":[],"product_cat":[1152],"product_tag":[],"class_list":{"0":"post-137405","1":"product","2":"type-product","3":"status-publish","4":"has-post-thumbnail","6":"product_cat-skersiniai","8":"first","9":"instock","10":"taxable","11":"shipping-taxable","12":"purchasable","13":"product-type-simple"},"acf":[],"_links":{"self":[{"href":"https:\/\/kingarms.ee\/lt\/wp-json\/wp\/v2\/product\/137405","targetHints":{"allow":["GET"]}}],"collection":[{"href":"https:\/\/kingarms.ee\/lt\/wp-json\/wp\/v2\/product"}],"about":[{"href":"https:\/\/kingarms.ee\/lt\/wp-json\/wp\/v2\/types\/product"}],"wp:featuredmedia":[{"embeddable":true,"href":"https:\/\/kingarms.ee\/lt\/wp-json\/wp\/v2\/media\/134856"}],"wp:attachment":[{"href":"https:\/\/kingarms.ee\/lt\/wp-json\/wp\/v2\/media?parent=137405"}],"wp:term":[{"taxonomy":"product_brand","embeddable":true,"href":"https:\/\/kingarms.ee\/lt\/wp-json\/wp\/v2\/product_brand?post=137405"},{"taxonomy":"product_cat","embeddable":true,"href":"https:\/\/kingarms.ee\/lt\/wp-json\/wp\/v2\/product_cat?post=137405"},{"taxonomy":"product_tag","embeddable":true,"href":"https:\/\/kingarms.ee\/lt\/wp-json\/wp\/v2\/product_tag?post=137405"}],"curies":[{"name":"wp","href":"https:\/\/api.w.org\/{rel}","templated":true}]}}