{"id":137439,"date":"2023-03-09T19:50:45","date_gmt":"2024-11-13T11:52:54","guid":{"rendered":"https:\/\/kingarms.ee\/product\/t4e-sport-pab-68-cal-500-geltona\/"},"modified":"2024-11-13T14:52:54","modified_gmt":"2024-11-13T11:52:54","slug":"t4e-sport-pab-68-cal-500-geltona","status":"publish","type":"product","link":"https:\/\/kingarms.ee\/lt\/product\/t4e-sport-pab-68-cal-500-geltona\/","title":{"rendered":"\u201eT4e Sport Pab 68 Cal\u201c. 500 geltona"},"content":{"rendered":"<p><img loading=\"lazy\" decoding=\"async\" class=\"alignnone size-full wp-image-75743\" src=\"https:\/\/kingarms.ee\/wp-content\/uploads\/2023\/03\/t4e-sport-pab-paintballs-68-cal-500-yellow-e82b19d1aadc41c5b96c1836301a3681-b53a8765.jpg\" alt=\"\" width=\"900\" height=\"900\" srcset=\"https:\/\/kingarms.ee\/wp-content\/uploads\/2023\/03\/t4e-sport-pab-paintballs-68-cal-500-yellow-e82b19d1aadc41c5b96c1836301a3681-b53a8765.jpg 900w, https:\/\/kingarms.ee\/wp-content\/uploads\/2023\/03\/t4e-sport-pab-paintballs-68-cal-500-yellow-e82b19d1aadc41c5b96c1836301a3681-b53a8765-300x300.jpg 300w, https:\/\/kingarms.ee\/wp-content\/uploads\/2023\/03\/t4e-sport-pab-paintballs-68-cal-500-yellow-e82b19d1aadc41c5b96c1836301a3681-b53a8765-150x150.jpg 150w, https:\/\/kingarms.ee\/wp-content\/uploads\/2023\/03\/t4e-sport-pab-paintballs-68-cal-500-yellow-e82b19d1aadc41c5b96c1836301a3681-b53a8765-768x768.jpg 768w, https:\/\/kingarms.ee\/wp-content\/uploads\/2023\/03\/t4e-sport-pab-paintballs-68-cal-500-yellow-e82b19d1aadc41c5b96c1836301a3681-b53a8765-500x500.jpg 500w\" sizes=\"auto, (max-width: 900px) 100vw, 900px\" \/><\/p>\n","protected":false},"excerpt":{"rendered":"<p>\u201eT4e Sport Pab 68 Cal\u201c. 500 geltona t4e sportinis pab da\u017easvydis cal. .68 500 Geltona yra klasikiniai da\u017e\u0173vyd\u017eiai su RAM \u017eymekliais, skirtais treniruot\u0117ms ir pramogoms.<\/p>\n","protected":false},"featured_media":131969,"template":"","meta":{"_acf_changed":false},"product_brand":[],"product_cat":[1191],"product_tag":[],"class_list":{"0":"post-137439","1":"product","2":"type-product","3":"status-publish","4":"has-post-thumbnail","6":"product_cat-gumines-kulkos","8":"first","9":"onbackorder","10":"taxable","11":"shipping-taxable","12":"product-type-simple"},"acf":[],"_links":{"self":[{"href":"https:\/\/kingarms.ee\/lt\/wp-json\/wp\/v2\/product\/137439","targetHints":{"allow":["GET"]}}],"collection":[{"href":"https:\/\/kingarms.ee\/lt\/wp-json\/wp\/v2\/product"}],"about":[{"href":"https:\/\/kingarms.ee\/lt\/wp-json\/wp\/v2\/types\/product"}],"wp:featuredmedia":[{"embeddable":true,"href":"https:\/\/kingarms.ee\/lt\/wp-json\/wp\/v2\/media\/131969"}],"wp:attachment":[{"href":"https:\/\/kingarms.ee\/lt\/wp-json\/wp\/v2\/media?parent=137439"}],"wp:term":[{"taxonomy":"product_brand","embeddable":true,"href":"https:\/\/kingarms.ee\/lt\/wp-json\/wp\/v2\/product_brand?post=137439"},{"taxonomy":"product_cat","embeddable":true,"href":"https:\/\/kingarms.ee\/lt\/wp-json\/wp\/v2\/product_cat?post=137439"},{"taxonomy":"product_tag","embeddable":true,"href":"https:\/\/kingarms.ee\/lt\/wp-json\/wp\/v2\/product_tag?post=137439"}],"curies":[{"name":"wp","href":"https:\/\/api.w.org\/{rel}","templated":true}]}}