{"id":137441,"date":"2023-03-09T19:47:49","date_gmt":"2024-11-13T11:55:01","guid":{"rendered":"https:\/\/kingarms.ee\/product\/t4e-sport-pab-68-cal-500-pcs-oranzine\/"},"modified":"2024-11-13T14:55:01","modified_gmt":"2024-11-13T11:55:01","slug":"t4e-sport-pab-68-cal-500-tk-orange","status":"publish","type":"product","link":"https:\/\/kingarms.ee\/lt\/product\/t4e-sport-pab-68-cal-500-tk-orange\/","title":{"rendered":"\u201eT4e Sport PAB\u201c, 68 CAL 500 PCS. oran\u017ein\u0117"},"content":{"rendered":"<p><img loading=\"lazy\" decoding=\"async\" class=\"alignnone size-full wp-image-75733\" src=\"https:\/\/kingarms.ee\/wp-content\/uploads\/2023\/03\/t4e-sport-pab-68-cal-paintballs-500-pcs-orange-69ff133461144e119679beefed92f65d-3f1a7fdb.jpg\" alt=\"\" width=\"900\" height=\"900\" srcset=\"https:\/\/kingarms.ee\/wp-content\/uploads\/2023\/03\/t4e-sport-pab-68-cal-paintballs-500-pcs-orange-69ff133461144e119679beefed92f65d-3f1a7fdb.jpg 900w, https:\/\/kingarms.ee\/wp-content\/uploads\/2023\/03\/t4e-sport-pab-68-cal-paintballs-500-pcs-orange-69ff133461144e119679beefed92f65d-3f1a7fdb-300x300.jpg 300w, https:\/\/kingarms.ee\/wp-content\/uploads\/2023\/03\/t4e-sport-pab-68-cal-paintballs-500-pcs-orange-69ff133461144e119679beefed92f65d-3f1a7fdb-150x150.jpg 150w, https:\/\/kingarms.ee\/wp-content\/uploads\/2023\/03\/t4e-sport-pab-68-cal-paintballs-500-pcs-orange-69ff133461144e119679beefed92f65d-3f1a7fdb-768x768.jpg 768w, https:\/\/kingarms.ee\/wp-content\/uploads\/2023\/03\/t4e-sport-pab-68-cal-paintballs-500-pcs-orange-69ff133461144e119679beefed92f65d-3f1a7fdb-500x500.jpg 500w\" sizes=\"auto, (max-width: 900px) 100vw, 900px\" \/><\/p>\n","protected":false},"excerpt":{"rendered":"<p>\u201eT4e Sport Pab\u201c da\u017easvydis cal. .68 500 oran\u017einiai yra klasikiniai da\u017easvyd\u017eiai, skirti treniruotis ir linksminti su RAM \u017eymekliais. <\/p>\n","protected":false},"featured_media":131960,"template":"","meta":{"_acf_changed":false},"product_brand":[],"product_cat":[1191],"product_tag":[],"class_list":{"0":"post-137441","1":"product","2":"type-product","3":"status-publish","4":"has-post-thumbnail","6":"product_cat-gumines-kulkos","8":"first","9":"instock","10":"taxable","11":"shipping-taxable","12":"purchasable","13":"product-type-simple"},"acf":[],"_links":{"self":[{"href":"https:\/\/kingarms.ee\/lt\/wp-json\/wp\/v2\/product\/137441","targetHints":{"allow":["GET"]}}],"collection":[{"href":"https:\/\/kingarms.ee\/lt\/wp-json\/wp\/v2\/product"}],"about":[{"href":"https:\/\/kingarms.ee\/lt\/wp-json\/wp\/v2\/types\/product"}],"wp:featuredmedia":[{"embeddable":true,"href":"https:\/\/kingarms.ee\/lt\/wp-json\/wp\/v2\/media\/131960"}],"wp:attachment":[{"href":"https:\/\/kingarms.ee\/lt\/wp-json\/wp\/v2\/media?parent=137441"}],"wp:term":[{"taxonomy":"product_brand","embeddable":true,"href":"https:\/\/kingarms.ee\/lt\/wp-json\/wp\/v2\/product_brand?post=137441"},{"taxonomy":"product_cat","embeddable":true,"href":"https:\/\/kingarms.ee\/lt\/wp-json\/wp\/v2\/product_cat?post=137441"},{"taxonomy":"product_tag","embeddable":true,"href":"https:\/\/kingarms.ee\/lt\/wp-json\/wp\/v2\/product_tag?post=137441"}],"curies":[{"name":"wp","href":"https:\/\/api.w.org\/{rel}","templated":true}]}}