{"id":137446,"date":"2023-02-20T17:57:43","date_gmt":"2024-11-13T12:21:43","guid":{"rendered":"https:\/\/kingarms.ee\/product\/besisukanti-zvaigzdes-taikinys-wosport\/"},"modified":"2024-11-13T15:21:43","modified_gmt":"2024-11-13T12:21:43","slug":"prasta-iki-marke","status":"publish","type":"product","link":"https:\/\/kingarms.ee\/lt\/product\/prasta-iki-marke\/","title":{"rendered":"Besisukanti \u017evaig\u017ed\u0117s taikinys (\u201eWosport\u201c)"},"content":{"rendered":"<p><img loading=\"lazy\" decoding=\"async\" class=\"alignnone size-full wp-image-74837\" src=\"https:\/\/kingarms.ee\/wp-content\/uploads\/2023\/02\/wosport-star-target-wo-tg18.jpg\" alt=\"\" width=\"1000\" height=\"1000\" srcset=\"https:\/\/kingarms.ee\/wp-content\/uploads\/2023\/02\/wosport-star-target-wo-tg18.jpg 1000w, https:\/\/kingarms.ee\/wp-content\/uploads\/2023\/02\/wosport-star-target-wo-tg18-300x300.jpg 300w, https:\/\/kingarms.ee\/wp-content\/uploads\/2023\/02\/wosport-star-target-wo-tg18-150x150.jpg 150w, https:\/\/kingarms.ee\/wp-content\/uploads\/2023\/02\/wosport-star-target-wo-tg18-768x768.jpg 768w, https:\/\/kingarms.ee\/wp-content\/uploads\/2023\/02\/wosport-star-target-wo-tg18-500x500.jpg 500w\" sizes=\"auto, (max-width: 1000px) 100vw, 1000px\" \/><\/p>\n","protected":false},"excerpt":{"rendered":"<p>Besisukanti \u017evaig\u017ed\u0117s taikinys (\u201eWosport\u201c)<\/p>\n<p>\u017dvaig\u017ed\u0117s taikinys<br \/>\nMagnetinis mini pasibaigimas, jis patenka \u012f \u017eem\u0119 po kiekvieno sm\u016bgio<br \/>\nPo to<br \/>\nPagrindas fiksuotas (var\u017etai ne\u012fskai\u010diuoti)<br \/>\nMatmenys 610 mm x 650 mm x 18 mm<br \/>\nSvoris 1730 g<\/p>\n","protected":false},"featured_media":132911,"template":"","meta":{"_acf_changed":false},"product_brand":[],"product_cat":[1201],"product_tag":[],"class_list":{"0":"post-137446","1":"product","2":"type-product","3":"status-publish","4":"has-post-thumbnail","6":"product_cat-taikiniai","8":"first","9":"instock","10":"taxable","11":"shipping-taxable","12":"purchasable","13":"product-type-simple"},"acf":[],"_links":{"self":[{"href":"https:\/\/kingarms.ee\/lt\/wp-json\/wp\/v2\/product\/137446","targetHints":{"allow":["GET"]}}],"collection":[{"href":"https:\/\/kingarms.ee\/lt\/wp-json\/wp\/v2\/product"}],"about":[{"href":"https:\/\/kingarms.ee\/lt\/wp-json\/wp\/v2\/types\/product"}],"wp:featuredmedia":[{"embeddable":true,"href":"https:\/\/kingarms.ee\/lt\/wp-json\/wp\/v2\/media\/132911"}],"wp:attachment":[{"href":"https:\/\/kingarms.ee\/lt\/wp-json\/wp\/v2\/media?parent=137446"}],"wp:term":[{"taxonomy":"product_brand","embeddable":true,"href":"https:\/\/kingarms.ee\/lt\/wp-json\/wp\/v2\/product_brand?post=137446"},{"taxonomy":"product_cat","embeddable":true,"href":"https:\/\/kingarms.ee\/lt\/wp-json\/wp\/v2\/product_cat?post=137446"},{"taxonomy":"product_tag","embeddable":true,"href":"https:\/\/kingarms.ee\/lt\/wp-json\/wp\/v2\/product_tag?post=137446"}],"curies":[{"name":"wp","href":"https:\/\/api.w.org\/{rel}","templated":true}]}}