{"id":137448,"date":"2023-02-20T16:53:32","date_gmt":"2024-11-13T12:23:44","guid":{"rendered":"https:\/\/kingarms.ee\/product\/geometrinis-taikinys-wosport\/"},"modified":"2024-11-13T15:23:44","modified_gmt":"2024-11-13T12:23:44","slug":"geometrinio-tikslo-zenklo-wosporto","status":"publish","type":"product","link":"https:\/\/kingarms.ee\/lt\/product\/geometrinio-tikslo-zenklo-wosporto\/","title":{"rendered":"Geometrinis taikinys (\u201eWosport\u201c)"},"content":{"rendered":"<p><img loading=\"lazy\" decoding=\"async\" class=\"alignnone size-full wp-image-74829\" src=\"https:\/\/kingarms.ee\/wp-content\/uploads\/2023\/02\/WOTG18.jpg\" alt=\"\" width=\"1000\" height=\"1000\" srcset=\"https:\/\/kingarms.ee\/wp-content\/uploads\/2023\/02\/WOTG18.jpg 1000w, https:\/\/kingarms.ee\/wp-content\/uploads\/2023\/02\/WOTG18-300x300.jpg 300w, https:\/\/kingarms.ee\/wp-content\/uploads\/2023\/02\/WOTG18-150x150.jpg 150w, https:\/\/kingarms.ee\/wp-content\/uploads\/2023\/02\/WOTG18-768x768.jpg 768w, https:\/\/kingarms.ee\/wp-content\/uploads\/2023\/02\/WOTG18-500x500.jpg 500w\" sizes=\"auto, (max-width: 1000px) 100vw, 1000px\" \/><\/p>\n","protected":false},"excerpt":{"rendered":"<p>Geometrinis taikinys (\u201eWosport\u201c)<\/p>\n<p>Geometrinis taikinys<br \/>\nTikslai susikerta su kiekvienu \u0161\u016bviu<br \/>\nBaz\u0117 gali b\u016bti pritvirtinta (var\u017etai ne\u012ftraukiami)<br \/>\nMatmenys 205 mm x 200 mm x 83 mm<br \/>\nSvoris 470 g<\/p>\n","protected":false},"featured_media":127375,"template":"","meta":{"_acf_changed":false},"product_brand":[],"product_cat":[1201],"product_tag":[],"class_list":{"0":"post-137448","1":"product","2":"type-product","3":"status-publish","4":"has-post-thumbnail","6":"product_cat-taikiniai","8":"first","9":"instock","10":"taxable","11":"shipping-taxable","12":"purchasable","13":"product-type-simple"},"acf":[],"_links":{"self":[{"href":"https:\/\/kingarms.ee\/lt\/wp-json\/wp\/v2\/product\/137448","targetHints":{"allow":["GET"]}}],"collection":[{"href":"https:\/\/kingarms.ee\/lt\/wp-json\/wp\/v2\/product"}],"about":[{"href":"https:\/\/kingarms.ee\/lt\/wp-json\/wp\/v2\/types\/product"}],"wp:featuredmedia":[{"embeddable":true,"href":"https:\/\/kingarms.ee\/lt\/wp-json\/wp\/v2\/media\/127375"}],"wp:attachment":[{"href":"https:\/\/kingarms.ee\/lt\/wp-json\/wp\/v2\/media?parent=137448"}],"wp:term":[{"taxonomy":"product_brand","embeddable":true,"href":"https:\/\/kingarms.ee\/lt\/wp-json\/wp\/v2\/product_brand?post=137448"},{"taxonomy":"product_cat","embeddable":true,"href":"https:\/\/kingarms.ee\/lt\/wp-json\/wp\/v2\/product_cat?post=137448"},{"taxonomy":"product_tag","embeddable":true,"href":"https:\/\/kingarms.ee\/lt\/wp-json\/wp\/v2\/product_tag?post=137448"}],"curies":[{"name":"wp","href":"https:\/\/api.w.org\/{rel}","templated":true}]}}