{"id":137455,"date":"2023-01-18T18:23:04","date_gmt":"2024-11-13T13:51:16","guid":{"rendered":"https:\/\/kingarms.ee\/product\/magnetinio-dirzelio-tvirtinimas-trumpas-angelas-sargas\/"},"modified":"2024-11-13T16:51:16","modified_gmt":"2024-11-13T13:51:16","slug":"magnetinis-dirzelis-kalnagubris-zandikaulis-giangianas","status":"publish","type":"product","link":"https:\/\/kingarms.ee\/lt\/product\/magnetinis-dirzelis-kalnagubris-zandikaulis-giangianas\/","title":{"rendered":"Magnetinio dir\u017eelio tvirtinimas &#8211; trumpas (angelas sargas)"},"content":{"rendered":"<p><img loading=\"lazy\" decoding=\"async\" class=\"alignnone size-full wp-image-73536\" src=\"https:\/\/kingarms.ee\/wp-content\/uploads\/2023\/01\/15675__016877_b.jpg\" alt=\"\" width=\"844\" height=\"1000\" srcset=\"https:\/\/kingarms.ee\/wp-content\/uploads\/2023\/01\/15675__016877_b.jpg 844w, https:\/\/kingarms.ee\/wp-content\/uploads\/2023\/01\/15675__016877_b-253x300.jpg 253w, https:\/\/kingarms.ee\/wp-content\/uploads\/2023\/01\/15675__016877_b-768x910.jpg 768w, https:\/\/kingarms.ee\/wp-content\/uploads\/2023\/01\/15675__016877_b-500x592.jpg 500w, https:\/\/kingarms.ee\/wp-content\/uploads\/2023\/01\/15675__016877_b-150x178.jpg 150w\" sizes=\"auto, (max-width: 844px) 100vw, 844px\" \/><\/p>\n","protected":false},"excerpt":{"rendered":"<p>Saugiai patvirtinkite bet kur\u012f \u012frengin\u012f, naudodamas pastatyt\u0173 neodimini\u0173 ret\u0173 \u017eem\u0117s metal\u0173 magnet\u0105<br \/>\nGreitas paleistas magnetinis taisymas<br \/>\nMink\u0161ta i\u0161tempta stipri neopreno med\u017eiaga<br \/>\nReguliuojamas \u201eVelcro\u201c patvirtinimas<br \/>\nPrid\u0117kite bet kur\u012f angelo \u201eGuardian\u201c \u012frengin\u012f, kad sukurtum\u0117te LED apyrank\u0117s apsaug\u0105<br \/>\nSuderinamas tiek su elitiniais, tiek su mikrolygiais<\/p>\n","protected":false},"featured_media":132073,"template":"","meta":{"_acf_changed":false},"product_brand":[],"product_cat":[1157],"product_tag":[],"class_list":{"0":"post-137455","1":"product","2":"type-product","3":"status-publish","4":"has-post-thumbnail","6":"product_cat-policija-kariuomene","8":"first","9":"instock","10":"taxable","11":"shipping-taxable","12":"purchasable","13":"product-type-simple"},"acf":[],"_links":{"self":[{"href":"https:\/\/kingarms.ee\/lt\/wp-json\/wp\/v2\/product\/137455","targetHints":{"allow":["GET"]}}],"collection":[{"href":"https:\/\/kingarms.ee\/lt\/wp-json\/wp\/v2\/product"}],"about":[{"href":"https:\/\/kingarms.ee\/lt\/wp-json\/wp\/v2\/types\/product"}],"wp:featuredmedia":[{"embeddable":true,"href":"https:\/\/kingarms.ee\/lt\/wp-json\/wp\/v2\/media\/132073"}],"wp:attachment":[{"href":"https:\/\/kingarms.ee\/lt\/wp-json\/wp\/v2\/media?parent=137455"}],"wp:term":[{"taxonomy":"product_brand","embeddable":true,"href":"https:\/\/kingarms.ee\/lt\/wp-json\/wp\/v2\/product_brand?post=137455"},{"taxonomy":"product_cat","embeddable":true,"href":"https:\/\/kingarms.ee\/lt\/wp-json\/wp\/v2\/product_cat?post=137455"},{"taxonomy":"product_tag","embeddable":true,"href":"https:\/\/kingarms.ee\/lt\/wp-json\/wp\/v2\/product_tag?post=137455"}],"curies":[{"name":"wp","href":"https:\/\/api.w.org\/{rel}","templated":true}]}}