{"id":137463,"date":"2023-01-18T16:49:55","date_gmt":"2024-11-15T08:15:24","guid":{"rendered":"https:\/\/kingarms.ee\/product\/irenginio-patvirtinimas-ilgas-angelas-sargas\/"},"modified":"2024-11-15T11:15:24","modified_gmt":"2024-11-15T08:15:24","slug":"irenginio-valdymas-pikkk-gygel-angel","status":"publish","type":"product","link":"https:\/\/kingarms.ee\/lt\/product\/irenginio-valdymas-pikkk-gygel-angel\/","title":{"rendered":"\u012erenginio patvirtinimas &#8211; ilgas (angelas sargas)"},"content":{"rendered":"<p><img loading=\"lazy\" decoding=\"async\" class=\"alignnone size-full wp-image-73377\" src=\"https:\/\/kingarms.ee\/wp-content\/uploads\/2023\/01\/15672__a13459.webp\" alt=\"\" width=\"2400\" height=\"1600\" srcset=\"https:\/\/kingarms.ee\/wp-content\/uploads\/2023\/01\/15672__a13459.webp 2400w, https:\/\/kingarms.ee\/wp-content\/uploads\/2023\/01\/15672__a13459-300x200.webp 300w, https:\/\/kingarms.ee\/wp-content\/uploads\/2023\/01\/15672__a13459-1024x683.webp 1024w, https:\/\/kingarms.ee\/wp-content\/uploads\/2023\/01\/15672__a13459-768x512.webp 768w, https:\/\/kingarms.ee\/wp-content\/uploads\/2023\/01\/15672__a13459-1536x1024.webp 1536w, https:\/\/kingarms.ee\/wp-content\/uploads\/2023\/01\/15672__a13459-2048x1365.webp 2048w, https:\/\/kingarms.ee\/wp-content\/uploads\/2023\/01\/15672__a13459-500x333.webp 500w, https:\/\/kingarms.ee\/wp-content\/uploads\/2023\/01\/15672__a13459-150x100.webp 150w\" sizes=\"auto, (max-width: 2400px) 100vw, 2400px\" \/><\/p>\n","protected":false},"excerpt":{"rendered":"<p>Niekada daugiau nesijaudinkite d\u0117l savo \u012frenginio<br \/>\nAtjungti<br \/>\nKarabinas ir vielos u\u017eraktas<br \/>\nReguliuojamas ilgis (naudokite abi dalis arba vien\u0105)<br \/>\nPrid\u0117kite mar\u0161kinius, dvirat\u012f ar dar k\u0105 nors<br \/>\nVisi nauji elito ir \u201eMicro\u201c serijos \u012frenginiai turi tvirtinimo dir\u017eel\u012f.<\/p>\n","protected":false},"featured_media":126754,"template":"","meta":{"_acf_changed":false},"product_brand":[],"product_cat":[1157],"product_tag":[],"class_list":{"0":"post-137463","1":"product","2":"type-product","3":"status-publish","4":"has-post-thumbnail","6":"product_cat-policija-kariuomene","8":"first","9":"instock","10":"taxable","11":"shipping-taxable","12":"purchasable","13":"product-type-simple"},"acf":[],"_links":{"self":[{"href":"https:\/\/kingarms.ee\/lt\/wp-json\/wp\/v2\/product\/137463","targetHints":{"allow":["GET"]}}],"collection":[{"href":"https:\/\/kingarms.ee\/lt\/wp-json\/wp\/v2\/product"}],"about":[{"href":"https:\/\/kingarms.ee\/lt\/wp-json\/wp\/v2\/types\/product"}],"wp:featuredmedia":[{"embeddable":true,"href":"https:\/\/kingarms.ee\/lt\/wp-json\/wp\/v2\/media\/126754"}],"wp:attachment":[{"href":"https:\/\/kingarms.ee\/lt\/wp-json\/wp\/v2\/media?parent=137463"}],"wp:term":[{"taxonomy":"product_brand","embeddable":true,"href":"https:\/\/kingarms.ee\/lt\/wp-json\/wp\/v2\/product_brand?post=137463"},{"taxonomy":"product_cat","embeddable":true,"href":"https:\/\/kingarms.ee\/lt\/wp-json\/wp\/v2\/product_cat?post=137463"},{"taxonomy":"product_tag","embeddable":true,"href":"https:\/\/kingarms.ee\/lt\/wp-json\/wp\/v2\/product_tag?post=137463"}],"curies":[{"name":"wp","href":"https:\/\/api.w.org\/{rel}","templated":true}]}}