{"id":137467,"date":"2023-01-16T19:23:43","date_gmt":"2024-11-15T08:21:34","guid":{"rendered":"https:\/\/kingarms.ee\/product\/thermos-1000-ml-m-tac\/"},"modified":"2024-11-15T11:21:34","modified_gmt":"2024-11-15T08:21:34","slug":"tertos-1000-ml-m-tac","status":"publish","type":"product","link":"https:\/\/kingarms.ee\/lt\/product\/tertos-1000-ml-m-tac\/","title":{"rendered":"\u201eThermos 1000 ml\u201c (M-TAC)"},"content":{"rendered":"<p><img loading=\"lazy\" decoding=\"async\" class=\"alignnone size-full wp-image-73246\" src=\"https:\/\/kingarms.ee\/wp-content\/uploads\/2023\/01\/UN-B04-1000A-1.jpeg\" alt=\"\" width=\"600\" height=\"600\" srcset=\"https:\/\/kingarms.ee\/wp-content\/uploads\/2023\/01\/UN-B04-1000A-1.jpeg 600w, https:\/\/kingarms.ee\/wp-content\/uploads\/2023\/01\/UN-B04-1000A-1-300x300.jpeg 300w, https:\/\/kingarms.ee\/wp-content\/uploads\/2023\/01\/UN-B04-1000A-1-150x150.jpeg 150w, https:\/\/kingarms.ee\/wp-content\/uploads\/2023\/01\/UN-B04-1000A-1-500x500.jpeg 500w\" sizes=\"auto, (max-width: 600px) 100vw, 600px\" \/><\/p>\n","protected":false},"excerpt":{"rendered":"<p>Plieno termosas, kurio t\u016bris yra 1 litro M-TAC. Paprastas termosas su gana pla\u010diu kaklu. Tinka kar\u0161tam ir \u0161altam g\u0117rimams.  <\/p>\n","protected":false},"featured_media":130920,"template":"","meta":{"_acf_changed":false},"product_brand":[],"product_cat":[1263],"product_tag":[],"class_list":{"0":"post-137467","1":"product","2":"type-product","3":"status-publish","4":"has-post-thumbnail","6":"product_cat-kelioniu-prekes","8":"first","9":"instock","10":"taxable","11":"shipping-taxable","12":"purchasable","13":"product-type-simple"},"acf":[],"_links":{"self":[{"href":"https:\/\/kingarms.ee\/lt\/wp-json\/wp\/v2\/product\/137467","targetHints":{"allow":["GET"]}}],"collection":[{"href":"https:\/\/kingarms.ee\/lt\/wp-json\/wp\/v2\/product"}],"about":[{"href":"https:\/\/kingarms.ee\/lt\/wp-json\/wp\/v2\/types\/product"}],"wp:featuredmedia":[{"embeddable":true,"href":"https:\/\/kingarms.ee\/lt\/wp-json\/wp\/v2\/media\/130920"}],"wp:attachment":[{"href":"https:\/\/kingarms.ee\/lt\/wp-json\/wp\/v2\/media?parent=137467"}],"wp:term":[{"taxonomy":"product_brand","embeddable":true,"href":"https:\/\/kingarms.ee\/lt\/wp-json\/wp\/v2\/product_brand?post=137467"},{"taxonomy":"product_cat","embeddable":true,"href":"https:\/\/kingarms.ee\/lt\/wp-json\/wp\/v2\/product_cat?post=137467"},{"taxonomy":"product_tag","embeddable":true,"href":"https:\/\/kingarms.ee\/lt\/wp-json\/wp\/v2\/product_tag?post=137467"}],"curies":[{"name":"wp","href":"https:\/\/api.w.org\/{rel}","templated":true}]}}