{"id":137469,"date":"2023-01-16T18:54:45","date_gmt":"2024-11-15T08:31:12","guid":{"rendered":"https:\/\/kingarms.ee\/product\/siluminis-puodelis-alus-m-tac\/"},"modified":"2024-11-15T11:31:12","modified_gmt":"2024-11-15T08:31:12","slug":"siluminis-cruise-in-m-tac","status":"publish","type":"product","link":"https:\/\/kingarms.ee\/lt\/product\/siluminis-cruise-in-m-tac\/","title":{"rendered":"\u0160iluminis puodelis \u201ealus\u201c (M-TAC)"},"content":{"rendered":"<p><img loading=\"lazy\" decoding=\"async\" class=\"alignnone size-full wp-image-73202\" src=\"https:\/\/kingarms.ee\/wp-content\/uploads\/2023\/01\/CL1C-M15-1.jpeg\" alt=\"\" width=\"600\" height=\"600\" srcset=\"https:\/\/kingarms.ee\/wp-content\/uploads\/2023\/01\/CL1C-M15-1.jpeg 600w, https:\/\/kingarms.ee\/wp-content\/uploads\/2023\/01\/CL1C-M15-1-300x300.jpeg 300w, https:\/\/kingarms.ee\/wp-content\/uploads\/2023\/01\/CL1C-M15-1-150x150.jpeg 150w, https:\/\/kingarms.ee\/wp-content\/uploads\/2023\/01\/CL1C-M15-1-500x500.jpeg 500w\" sizes=\"auto, (max-width: 600px) 100vw, 600px\" \/><\/p>\n","protected":false},"excerpt":{"rendered":"<p>M-TAC termoelementas \u201ealus\u201c yra pagamintas i\u0161 ner\u016bdijan\u010dio plieno, \u017evyras yra tvirtas ir patvarus. Dvi sluoksnio sienos, u\u017edarytas sluoksnis ir vakuumas neleid\u017eia g\u0117rimui i\u0161d\u017ei\u016bti, o i\u0161orin\u0117s sienos \u012fkaista. Tod\u0117l j\u016bs negalite bijoti, kad nudegimai su tokiu puodeliu.  <\/p>\n","protected":false},"featured_media":130870,"template":"","meta":{"_acf_changed":false},"product_brand":[],"product_cat":[1263],"product_tag":[],"class_list":{"0":"post-137469","1":"product","2":"type-product","3":"status-publish","4":"has-post-thumbnail","6":"product_cat-kelioniu-prekes","8":"first","9":"instock","10":"taxable","11":"shipping-taxable","12":"purchasable","13":"product-type-simple"},"acf":[],"_links":{"self":[{"href":"https:\/\/kingarms.ee\/lt\/wp-json\/wp\/v2\/product\/137469","targetHints":{"allow":["GET"]}}],"collection":[{"href":"https:\/\/kingarms.ee\/lt\/wp-json\/wp\/v2\/product"}],"about":[{"href":"https:\/\/kingarms.ee\/lt\/wp-json\/wp\/v2\/types\/product"}],"wp:featuredmedia":[{"embeddable":true,"href":"https:\/\/kingarms.ee\/lt\/wp-json\/wp\/v2\/media\/130870"}],"wp:attachment":[{"href":"https:\/\/kingarms.ee\/lt\/wp-json\/wp\/v2\/media?parent=137469"}],"wp:term":[{"taxonomy":"product_brand","embeddable":true,"href":"https:\/\/kingarms.ee\/lt\/wp-json\/wp\/v2\/product_brand?post=137469"},{"taxonomy":"product_cat","embeddable":true,"href":"https:\/\/kingarms.ee\/lt\/wp-json\/wp\/v2\/product_cat?post=137469"},{"taxonomy":"product_tag","embeddable":true,"href":"https:\/\/kingarms.ee\/lt\/wp-json\/wp\/v2\/product_tag?post=137469"}],"curies":[{"name":"wp","href":"https:\/\/api.w.org\/{rel}","templated":true}]}}