{"id":137475,"date":"2023-01-16T15:18:33","date_gmt":"2024-11-15T09:01:12","guid":{"rendered":"https:\/\/kingarms.ee\/product\/gumines-slepetes-m-tac\/"},"modified":"2024-11-15T12:01:12","modified_gmt":"2024-11-15T09:01:12","slug":"gumos-suski-m-tac-2","status":"publish","type":"product","link":"https:\/\/kingarms.ee\/lt\/product\/gumos-suski-m-tac-2\/","title":{"rendered":"Gumin\u0117s \u0161lepet\u0117s (M-TAC)"},"content":{"rendered":"<p><img loading=\"lazy\" decoding=\"async\" class=\"alignnone size-full wp-image-73080\" src=\"https:\/\/kingarms.ee\/wp-content\/uploads\/2023\/01\/30204005-3.jpeg\" alt=\"\" width=\"600\" height=\"600\" srcset=\"https:\/\/kingarms.ee\/wp-content\/uploads\/2023\/01\/30204005-3.jpeg 600w, https:\/\/kingarms.ee\/wp-content\/uploads\/2023\/01\/30204005-3-300x300.jpeg 300w, https:\/\/kingarms.ee\/wp-content\/uploads\/2023\/01\/30204005-3-150x150.jpeg 150w, https:\/\/kingarms.ee\/wp-content\/uploads\/2023\/01\/30204005-3-500x500.jpeg 500w\" sizes=\"auto, (max-width: 600px) 100vw, 600px\" \/><\/p>\n","protected":false},"excerpt":{"rendered":"<p>\u201eM-TAC\u201c GUMOS \u0160lepet\u0117S YRA \u201ePasinkima\u201c TARP SANDAL\u0173 IR SHLAIT\u0173. \u201eShis\u201c modelis, keptas \u201eModeraus Dizaino\u201c, \u201eTurri Aukshtos Kokyb\u0117s IR PoVeikk Poveiki\u201c. Kulno dir\u017eelis yra patogus ir Lookia Jiems d\u0117si Juos KAIP SALES.  <\/p>\n","protected":false},"featured_media":126702,"template":"","meta":{"_acf_changed":false},"product_brand":[],"product_cat":[1228],"product_tag":[],"class_list":{"0":"post-137475","1":"product","2":"type-product","3":"status-publish","4":"has-post-thumbnail","6":"product_cat-batai","8":"first","9":"instock","10":"taxable","11":"shipping-taxable","12":"purchasable","13":"product-type-simple"},"acf":[],"_links":{"self":[{"href":"https:\/\/kingarms.ee\/lt\/wp-json\/wp\/v2\/product\/137475","targetHints":{"allow":["GET"]}}],"collection":[{"href":"https:\/\/kingarms.ee\/lt\/wp-json\/wp\/v2\/product"}],"about":[{"href":"https:\/\/kingarms.ee\/lt\/wp-json\/wp\/v2\/types\/product"}],"wp:featuredmedia":[{"embeddable":true,"href":"https:\/\/kingarms.ee\/lt\/wp-json\/wp\/v2\/media\/126702"}],"wp:attachment":[{"href":"https:\/\/kingarms.ee\/lt\/wp-json\/wp\/v2\/media?parent=137475"}],"wp:term":[{"taxonomy":"product_brand","embeddable":true,"href":"https:\/\/kingarms.ee\/lt\/wp-json\/wp\/v2\/product_brand?post=137475"},{"taxonomy":"product_cat","embeddable":true,"href":"https:\/\/kingarms.ee\/lt\/wp-json\/wp\/v2\/product_cat?post=137475"},{"taxonomy":"product_tag","embeddable":true,"href":"https:\/\/kingarms.ee\/lt\/wp-json\/wp\/v2\/product_tag?post=137475"}],"curies":[{"name":"wp","href":"https:\/\/api.w.org\/{rel}","templated":true}]}}