{"id":137484,"date":"2023-01-13T16:29:29","date_gmt":"2024-11-15T09:55:46","guid":{"rendered":"https:\/\/kingarms.ee\/product\/magnetinis-spaustukas-angelas-sargas-prie-dirzelio\/"},"modified":"2024-11-15T12:55:46","modified_gmt":"2024-11-15T09:55:46","slug":"dirzelis-montuojamas-oli-magnetinis-spaustukas","status":"publish","type":"product","link":"https:\/\/kingarms.ee\/lt\/product\/dirzelis-montuojamas-oli-magnetinis-spaustukas\/","title":{"rendered":"Magnetinis spaustukas (angelas sargas) prie dir\u017eelio"},"content":{"rendered":"<p><img loading=\"lazy\" decoding=\"async\" class=\"alignnone size-full wp-image-72672\" src=\"https:\/\/kingarms.ee\/wp-content\/uploads\/2023\/01\/15884__2cf5ee_b.jpg\" alt=\"\" width=\"1000\" height=\"1000\" srcset=\"https:\/\/kingarms.ee\/wp-content\/uploads\/2023\/01\/15884__2cf5ee_b.jpg 1000w, https:\/\/kingarms.ee\/wp-content\/uploads\/2023\/01\/15884__2cf5ee_b-300x300.jpg 300w, https:\/\/kingarms.ee\/wp-content\/uploads\/2023\/01\/15884__2cf5ee_b-150x150.jpg 150w, https:\/\/kingarms.ee\/wp-content\/uploads\/2023\/01\/15884__2cf5ee_b-768x768.jpg 768w, https:\/\/kingarms.ee\/wp-content\/uploads\/2023\/01\/15884__2cf5ee_b-500x500.jpg 500w\" sizes=\"auto, (max-width: 1000px) 100vw, 1000px\" \/><\/p>\n","protected":false},"excerpt":{"rendered":"<p>Magnetinis pataisymas greitu taisymu<br \/>\nPastatytas -auk\u0161to stiprumo neoderminis magnetas ret\u0173j\u0173 \u017eemi\u0173 metalams<br \/>\nPritvirtinta iki 1,5 \u2033 plo\u010dio dir\u017eeli\u0173 (be sulankstymo\/lenkimo)<br \/>\nGumin\u0117s rankenos pavir\u0161iaus laikiklio viduje, kad b\u016bt\u0173 galima saugiai montuoti<br \/>\nSuderinamas su elitiniais ir mikrolygiais<\/p>\n","protected":false},"featured_media":126578,"template":"","meta":{"_acf_changed":false},"product_brand":[],"product_cat":[1157],"product_tag":[],"class_list":{"0":"post-137484","1":"product","2":"type-product","3":"status-publish","4":"has-post-thumbnail","6":"product_cat-policija-kariuomene","8":"first","9":"instock","10":"taxable","11":"shipping-taxable","12":"purchasable","13":"product-type-simple"},"acf":[],"_links":{"self":[{"href":"https:\/\/kingarms.ee\/lt\/wp-json\/wp\/v2\/product\/137484","targetHints":{"allow":["GET"]}}],"collection":[{"href":"https:\/\/kingarms.ee\/lt\/wp-json\/wp\/v2\/product"}],"about":[{"href":"https:\/\/kingarms.ee\/lt\/wp-json\/wp\/v2\/types\/product"}],"wp:featuredmedia":[{"embeddable":true,"href":"https:\/\/kingarms.ee\/lt\/wp-json\/wp\/v2\/media\/126578"}],"wp:attachment":[{"href":"https:\/\/kingarms.ee\/lt\/wp-json\/wp\/v2\/media?parent=137484"}],"wp:term":[{"taxonomy":"product_brand","embeddable":true,"href":"https:\/\/kingarms.ee\/lt\/wp-json\/wp\/v2\/product_brand?post=137484"},{"taxonomy":"product_cat","embeddable":true,"href":"https:\/\/kingarms.ee\/lt\/wp-json\/wp\/v2\/product_cat?post=137484"},{"taxonomy":"product_tag","embeddable":true,"href":"https:\/\/kingarms.ee\/lt\/wp-json\/wp\/v2\/product_tag?post=137484"}],"curies":[{"name":"wp","href":"https:\/\/api.w.org\/{rel}","templated":true}]}}