{"id":137513,"date":"2023-01-10T12:55:00","date_gmt":"2024-11-15T10:38:24","guid":{"rendered":"https:\/\/kingarms.ee\/product\/irasu-vezejas-multicam-js-tactical\/"},"modified":"2024-11-15T13:38:24","modified_gmt":"2024-11-15T10:38:24","slug":"prevencija-multicam-js-taktika","status":"publish","type":"product","link":"https:\/\/kingarms.ee\/lt\/product\/prevencija-multicam-js-taktika\/","title":{"rendered":"\u012era\u0161\u0173 ve\u017e\u0117jas &#8211; \u201eMulticam\u201c (JS -TACTICAL)"},"content":{"rendered":"<p><img loading=\"lazy\" decoding=\"async\" class=\"alignnone size-full wp-image-71602\" src=\"https:\/\/kingarms.ee\/wp-content\/uploads\/2023\/01\/js-1857m.jpg\" alt=\"\" width=\"600\" height=\"600\" srcset=\"https:\/\/kingarms.ee\/wp-content\/uploads\/2023\/01\/js-1857m.jpg 600w, https:\/\/kingarms.ee\/wp-content\/uploads\/2023\/01\/js-1857m-300x300.jpg 300w, https:\/\/kingarms.ee\/wp-content\/uploads\/2023\/01\/js-1857m-150x150.jpg 150w, https:\/\/kingarms.ee\/wp-content\/uploads\/2023\/01\/js-1857m-500x500.jpg 500w\" sizes=\"auto, (max-width: 600px) 100vw, 600px\" \/><\/p>\n","protected":false},"excerpt":{"rendered":"<p>\u012era\u0161\u0173 ve\u017e\u0117jas &#8211; \u201eMulticam\u201c (JS -TACTICAL)<br \/>\nInterjeras su kv\u0117puojan\u010dia med\u017eiaga<br \/>\nLydimas dabarties ir u\u017etikrinantis plok\u0161teli\u0173 gr\u0117smes<br \/>\n3 Prie\u0161ais \u017eurnalo ki\u0161en\u0119<br \/>\nNa\u0161umas ir pavasario sistemos u\u017etikrinimas<br \/>\nPrie\u0161ais Velcro<br \/>\nVieno dyd\u017eio reguliavimas \u201eVelcro\u201c<\/p>\n","protected":false},"featured_media":133191,"template":"","meta":{"_acf_changed":false},"product_brand":[],"product_cat":[1235],"product_tag":[],"class_list":{"0":"post-137513","1":"product","2":"type-product","3":"status-publish","4":"has-post-thumbnail","6":"product_cat-liemeneles-ir-dirzai","8":"first","9":"instock","10":"taxable","11":"shipping-taxable","12":"purchasable","13":"product-type-simple"},"acf":[],"_links":{"self":[{"href":"https:\/\/kingarms.ee\/lt\/wp-json\/wp\/v2\/product\/137513","targetHints":{"allow":["GET"]}}],"collection":[{"href":"https:\/\/kingarms.ee\/lt\/wp-json\/wp\/v2\/product"}],"about":[{"href":"https:\/\/kingarms.ee\/lt\/wp-json\/wp\/v2\/types\/product"}],"wp:featuredmedia":[{"embeddable":true,"href":"https:\/\/kingarms.ee\/lt\/wp-json\/wp\/v2\/media\/133191"}],"wp:attachment":[{"href":"https:\/\/kingarms.ee\/lt\/wp-json\/wp\/v2\/media?parent=137513"}],"wp:term":[{"taxonomy":"product_brand","embeddable":true,"href":"https:\/\/kingarms.ee\/lt\/wp-json\/wp\/v2\/product_brand?post=137513"},{"taxonomy":"product_cat","embeddable":true,"href":"https:\/\/kingarms.ee\/lt\/wp-json\/wp\/v2\/product_cat?post=137513"},{"taxonomy":"product_tag","embeddable":true,"href":"https:\/\/kingarms.ee\/lt\/wp-json\/wp\/v2\/product_tag?post=137513"}],"curies":[{"name":"wp","href":"https:\/\/api.w.org\/{rel}","templated":true}]}}