{"id":137528,"date":"2023-01-09T14:20:25","date_gmt":"2024-11-15T11:27:54","guid":{"rendered":"https:\/\/kingarms.ee\/product\/tarpikliu-rinkinys-makarovas-baikalas-i-mp-654-oro-pistoleta\/"},"modified":"2024-11-15T14:27:54","modified_gmt":"2024-11-15T11:27:54","slug":"tarpikliu-rinkinys-makarov-baikal-pi-654-ohpustol","status":"publish","type":"product","link":"https:\/\/kingarms.ee\/lt\/product\/tarpikliu-rinkinys-makarov-baikal-pi-654-ohpustol\/","title":{"rendered":"Tarpikli\u0173 rinkinys Makarovas Baikalas \u012f MP-654 oro pistolet\u0105"},"content":{"rendered":"<p><img loading=\"lazy\" decoding=\"async\" class=\"alignnone size-full wp-image-71290\" src=\"https:\/\/kingarms.ee\/wp-content\/uploads\/2023\/01\/baikal-makarov-replacement-seal-kit.jpg\" alt=\"\" width=\"800\" height=\"600\" srcset=\"https:\/\/kingarms.ee\/wp-content\/uploads\/2023\/01\/baikal-makarov-replacement-seal-kit.jpg 800w, https:\/\/kingarms.ee\/wp-content\/uploads\/2023\/01\/baikal-makarov-replacement-seal-kit-300x225.jpg 300w, https:\/\/kingarms.ee\/wp-content\/uploads\/2023\/01\/baikal-makarov-replacement-seal-kit-768x576.jpg 768w, https:\/\/kingarms.ee\/wp-content\/uploads\/2023\/01\/baikal-makarov-replacement-seal-kit-600x450.jpg 600w, https:\/\/kingarms.ee\/wp-content\/uploads\/2023\/01\/baikal-makarov-replacement-seal-kit-500x375.jpg 500w, https:\/\/kingarms.ee\/wp-content\/uploads\/2023\/01\/baikal-makarov-replacement-seal-kit-150x113.jpg 150w\" sizes=\"auto, (max-width: 800px) 100vw, 800px\" \/><\/p>\n","protected":false},"excerpt":{"rendered":"<p>Tarpikli\u0173 rinkinys Makarov Baikal \u043c\u0440-654 Oro pistoletas (4 \u017eiedai)<\/p>\n","protected":false},"featured_media":126386,"template":"","meta":{"_acf_changed":false},"product_brand":[],"product_cat":[1273],"product_tag":[],"class_list":{"0":"post-137528","1":"product","2":"type-product","3":"status-publish","4":"has-post-thumbnail","6":"product_cat-atsargines-dalys","8":"first","9":"instock","10":"taxable","11":"shipping-taxable","12":"purchasable","13":"product-type-simple"},"acf":[],"_links":{"self":[{"href":"https:\/\/kingarms.ee\/lt\/wp-json\/wp\/v2\/product\/137528","targetHints":{"allow":["GET"]}}],"collection":[{"href":"https:\/\/kingarms.ee\/lt\/wp-json\/wp\/v2\/product"}],"about":[{"href":"https:\/\/kingarms.ee\/lt\/wp-json\/wp\/v2\/types\/product"}],"wp:featuredmedia":[{"embeddable":true,"href":"https:\/\/kingarms.ee\/lt\/wp-json\/wp\/v2\/media\/126386"}],"wp:attachment":[{"href":"https:\/\/kingarms.ee\/lt\/wp-json\/wp\/v2\/media?parent=137528"}],"wp:term":[{"taxonomy":"product_brand","embeddable":true,"href":"https:\/\/kingarms.ee\/lt\/wp-json\/wp\/v2\/product_brand?post=137528"},{"taxonomy":"product_cat","embeddable":true,"href":"https:\/\/kingarms.ee\/lt\/wp-json\/wp\/v2\/product_cat?post=137528"},{"taxonomy":"product_tag","embeddable":true,"href":"https:\/\/kingarms.ee\/lt\/wp-json\/wp\/v2\/product_tag?post=137528"}],"curies":[{"name":"wp","href":"https:\/\/api.w.org\/{rel}","templated":true}]}}