{"id":137536,"date":"2022-12-19T17:00:16","date_gmt":"2024-11-15T15:26:37","guid":{"rendered":"https:\/\/kingarms.ee\/product\/dekoratyvine-katana-zswd\/"},"modified":"2024-11-15T18:26:37","modified_gmt":"2024-11-15T15:26:37","slug":"dekoratyvine-katana-44","status":"publish","type":"product","link":"https:\/\/kingarms.ee\/lt\/product\/dekoratyvine-katana-44\/","title":{"rendered":"Dekoratyvin\u0117 katana (ZSWD)"},"content":{"rendered":"","protected":false},"excerpt":{"rendered":"<p>dekoratyvin\u0117 katana<br \/>\n\u012ekv\u0117p\u0117 Michonne Katana<br \/>\n\u201eWalking Dead TV\u201c serija<br \/>\nRudos odos \u012fvyniojimas<br \/>\nDarbas su virve balta<br \/>\nA\u0161menys, i\u0161graviruoti biologin\u0117s gr\u0117sm\u0117s simboliu<br \/>\npe\u010di\u0173 dir\u017eelis gabenimui<\/p>\n","protected":false},"featured_media":133077,"template":"","meta":{"_acf_changed":false},"product_brand":[],"product_cat":[1271],"product_tag":[],"class_list":{"0":"post-137536","1":"product","2":"type-product","3":"status-publish","4":"has-post-thumbnail","6":"product_cat-katana-tanto-lt","8":"first","9":"onbackorder","10":"product-type-simple"},"acf":[],"_links":{"self":[{"href":"https:\/\/kingarms.ee\/lt\/wp-json\/wp\/v2\/product\/137536","targetHints":{"allow":["GET"]}}],"collection":[{"href":"https:\/\/kingarms.ee\/lt\/wp-json\/wp\/v2\/product"}],"about":[{"href":"https:\/\/kingarms.ee\/lt\/wp-json\/wp\/v2\/types\/product"}],"wp:featuredmedia":[{"embeddable":true,"href":"https:\/\/kingarms.ee\/lt\/wp-json\/wp\/v2\/media\/133077"}],"wp:attachment":[{"href":"https:\/\/kingarms.ee\/lt\/wp-json\/wp\/v2\/media?parent=137536"}],"wp:term":[{"taxonomy":"product_brand","embeddable":true,"href":"https:\/\/kingarms.ee\/lt\/wp-json\/wp\/v2\/product_brand?post=137536"},{"taxonomy":"product_cat","embeddable":true,"href":"https:\/\/kingarms.ee\/lt\/wp-json\/wp\/v2\/product_cat?post=137536"},{"taxonomy":"product_tag","embeddable":true,"href":"https:\/\/kingarms.ee\/lt\/wp-json\/wp\/v2\/product_tag?post=137536"}],"curies":[{"name":"wp","href":"https:\/\/api.w.org\/{rel}","templated":true}]}}