{"id":137548,"date":"2022-12-19T17:00:03","date_gmt":"2024-11-15T15:43:12","guid":{"rendered":"https:\/\/kingarms.ee\/product\/20-mm-gelezinkelis-m4-rankenai\/"},"modified":"2024-11-15T18:43:12","modified_gmt":"2024-11-15T15:43:12","slug":"20-mm-raistis-uz-m4-rankena","status":"publish","type":"product","link":"https:\/\/kingarms.ee\/lt\/product\/20-mm-raistis-uz-m4-rankena\/","title":{"rendered":"20 mm gele\u017einkelis M4 rankenai"},"content":{"rendered":"<p><img loading=\"lazy\" decoding=\"async\" class=\"alignnone size-full wp-image-99273\" src=\"https:\/\/kingarms.ee\/wp-content\/uploads\/2022\/12\/royal-20mm-rail-for-m4m16-carrying-handle-s21-1.jpg\" alt=\"\" width=\"1000\" height=\"1000\" srcset=\"https:\/\/kingarms.ee\/wp-content\/uploads\/2022\/12\/royal-20mm-rail-for-m4m16-carrying-handle-s21-1.jpg 1000w, https:\/\/kingarms.ee\/wp-content\/uploads\/2022\/12\/royal-20mm-rail-for-m4m16-carrying-handle-s21-1-300x300.jpg 300w, https:\/\/kingarms.ee\/wp-content\/uploads\/2022\/12\/royal-20mm-rail-for-m4m16-carrying-handle-s21-1-150x150.jpg 150w, https:\/\/kingarms.ee\/wp-content\/uploads\/2022\/12\/royal-20mm-rail-for-m4m16-carrying-handle-s21-1-768x768.jpg 768w, https:\/\/kingarms.ee\/wp-content\/uploads\/2022\/12\/royal-20mm-rail-for-m4m16-carrying-handle-s21-1-500x500.jpg 500w\" sizes=\"auto, (max-width: 1000px) 100vw, 1000px\" \/><\/p>\n","protected":false},"excerpt":{"rendered":"<p>Railo montavimas eina \u012f M4 tipo rankenos viet\u0105, kad b\u016bt\u0173 galima sumontuoti apimt\u012f, lazer\u012f ir kt. Pagamintas i\u0161 aliuminio <\/p>\n","protected":false},"featured_media":134872,"template":"","meta":{"_acf_changed":false},"product_brand":[],"product_cat":[1274],"product_tag":[],"class_list":{"0":"post-137548","1":"product","2":"type-product","3":"status-publish","4":"has-post-thumbnail","6":"product_cat-kita-lt","8":"first","9":"instock","10":"purchasable","11":"product-type-simple"},"acf":[],"_links":{"self":[{"href":"https:\/\/kingarms.ee\/lt\/wp-json\/wp\/v2\/product\/137548","targetHints":{"allow":["GET"]}}],"collection":[{"href":"https:\/\/kingarms.ee\/lt\/wp-json\/wp\/v2\/product"}],"about":[{"href":"https:\/\/kingarms.ee\/lt\/wp-json\/wp\/v2\/types\/product"}],"wp:featuredmedia":[{"embeddable":true,"href":"https:\/\/kingarms.ee\/lt\/wp-json\/wp\/v2\/media\/134872"}],"wp:attachment":[{"href":"https:\/\/kingarms.ee\/lt\/wp-json\/wp\/v2\/media?parent=137548"}],"wp:term":[{"taxonomy":"product_brand","embeddable":true,"href":"https:\/\/kingarms.ee\/lt\/wp-json\/wp\/v2\/product_brand?post=137548"},{"taxonomy":"product_cat","embeddable":true,"href":"https:\/\/kingarms.ee\/lt\/wp-json\/wp\/v2\/product_cat?post=137548"},{"taxonomy":"product_tag","embeddable":true,"href":"https:\/\/kingarms.ee\/lt\/wp-json\/wp\/v2\/product_tag?post=137548"}],"curies":[{"name":"wp","href":"https:\/\/api.w.org\/{rel}","templated":true}]}}