{"id":137588,"date":"2022-12-19T16:59:52","date_gmt":"2024-11-15T16:45:22","guid":{"rendered":"https:\/\/kingarms.ee\/product\/sulankstomas-kiseninis-peilis\/"},"modified":"2024-11-15T19:45:22","modified_gmt":"2024-11-15T16:45:22","slug":"sulankstoma-kisene-peilio-sck","status":"publish","type":"product","link":"https:\/\/kingarms.ee\/lt\/product\/sulankstoma-kisene-peilio-sck\/","title":{"rendered":"Sulankstomas Ki\u0161eninis Peilis"},"content":{"rendered":"","protected":false},"excerpt":{"rendered":"<p>Sulankstomas ki\u0161eninis peilis<\/p>\n<p>Sulankstomas ki\u0161eninis peilis<br \/>\nNer\u016bdijan\u010dio plieno a\u0161menys<br \/>\nner\u016bdijan\u010dio plieno ir stiklo pluo\u0161to rankena<br \/>\ndir\u017eo spaustukas<br \/>\nLinerio u\u017eraktas<br \/>\nnyk\u0161\u010dio smeig\u0117<br \/>\nStiklas \u201eBreacker\u201c<br \/>\ndir\u017eo pjaustytuvas<br \/>\nU\u017edarytas ilgis 129 mm<br \/>\nBendras ilgis 210 mm<br \/>\nsvoris 188G<\/p>\n","protected":false},"featured_media":125889,"template":"","meta":{"_acf_changed":false},"product_brand":[],"product_cat":[1259],"product_tag":[],"class_list":{"0":"post-137588","1":"product","2":"type-product","3":"status-publish","4":"has-post-thumbnail","6":"product_cat-peiliai","8":"first","9":"instock","10":"purchasable","11":"product-type-simple"},"acf":[],"_links":{"self":[{"href":"https:\/\/kingarms.ee\/lt\/wp-json\/wp\/v2\/product\/137588","targetHints":{"allow":["GET"]}}],"collection":[{"href":"https:\/\/kingarms.ee\/lt\/wp-json\/wp\/v2\/product"}],"about":[{"href":"https:\/\/kingarms.ee\/lt\/wp-json\/wp\/v2\/types\/product"}],"wp:featuredmedia":[{"embeddable":true,"href":"https:\/\/kingarms.ee\/lt\/wp-json\/wp\/v2\/media\/125889"}],"wp:attachment":[{"href":"https:\/\/kingarms.ee\/lt\/wp-json\/wp\/v2\/media?parent=137588"}],"wp:term":[{"taxonomy":"product_brand","embeddable":true,"href":"https:\/\/kingarms.ee\/lt\/wp-json\/wp\/v2\/product_brand?post=137588"},{"taxonomy":"product_cat","embeddable":true,"href":"https:\/\/kingarms.ee\/lt\/wp-json\/wp\/v2\/product_cat?post=137588"},{"taxonomy":"product_tag","embeddable":true,"href":"https:\/\/kingarms.ee\/lt\/wp-json\/wp\/v2\/product_tag?post=137588"}],"curies":[{"name":"wp","href":"https:\/\/api.w.org\/{rel}","templated":true}]}}