{"id":137590,"date":"2022-12-19T16:59:42","date_gmt":"2024-11-15T16:49:40","guid":{"rendered":"https:\/\/kingarms.ee\/product\/co2-konversijos-rinkinys-skirtas-puoleju-serijai-amoeba\/"},"modified":"2024-11-15T19:49:40","modified_gmt":"2024-11-15T16:49:40","slug":"co2-konversijos-rinkos-uz-streiko-serijos-amoeba","status":"publish","type":"product","link":"https:\/\/kingarms.ee\/lt\/product\/co2-konversijos-rinkos-uz-streiko-serijos-amoeba\/","title":{"rendered":"\u201eCO2\u201c konversijos rinkinys, skirtas puol\u0117j\u0173 serijai \u201eAmoeba\u201c"},"content":{"rendered":"","protected":false},"excerpt":{"rendered":"<p>\u201eCO2\u201c konversijos rinkinys, skirtas puol\u0117j\u0173 serijai \u201eAmoeba\u201c<\/p>\n<p>CO2 konversijos rinkinys<br \/>\nNer\u016bdijan\u010dio plieno konstrukcija<br \/>\npilnas rinkinys<br \/>\n\u012etraukite: sustiprint\u0105 cilindr\u0105<br \/>\ncilindro galva<br \/>\nCO2 mini rezervuar\u0173 korpusas<br \/>\npavasaris<br \/>\nSvoris 270 g<br \/>\nReikia 12 g CO2 kase\u010di\u0173<br \/>\nTinka \u201eAmoeba Striker\u201c serijos \u0161autuvams<\/p>\n","protected":false},"featured_media":125975,"template":"","meta":{"_acf_changed":false},"product_brand":[],"product_cat":[1273],"product_tag":[],"class_list":{"0":"post-137590","1":"product","2":"type-product","3":"status-publish","4":"has-post-thumbnail","6":"product_cat-atsargines-dalys","8":"first","9":"instock","10":"purchasable","11":"product-type-simple"},"acf":[],"_links":{"self":[{"href":"https:\/\/kingarms.ee\/lt\/wp-json\/wp\/v2\/product\/137590","targetHints":{"allow":["GET"]}}],"collection":[{"href":"https:\/\/kingarms.ee\/lt\/wp-json\/wp\/v2\/product"}],"about":[{"href":"https:\/\/kingarms.ee\/lt\/wp-json\/wp\/v2\/types\/product"}],"wp:featuredmedia":[{"embeddable":true,"href":"https:\/\/kingarms.ee\/lt\/wp-json\/wp\/v2\/media\/125975"}],"wp:attachment":[{"href":"https:\/\/kingarms.ee\/lt\/wp-json\/wp\/v2\/media?parent=137590"}],"wp:term":[{"taxonomy":"product_brand","embeddable":true,"href":"https:\/\/kingarms.ee\/lt\/wp-json\/wp\/v2\/product_brand?post=137590"},{"taxonomy":"product_cat","embeddable":true,"href":"https:\/\/kingarms.ee\/lt\/wp-json\/wp\/v2\/product_cat?post=137590"},{"taxonomy":"product_tag","embeddable":true,"href":"https:\/\/kingarms.ee\/lt\/wp-json\/wp\/v2\/product_tag?post=137590"}],"curies":[{"name":"wp","href":"https:\/\/api.w.org\/{rel}","templated":true}]}}