{"id":137600,"date":"2022-12-19T16:59:42","date_gmt":"2022-12-19T13:59:42","guid":{"rendered":"https:\/\/kingarms.ee\/product\/co2-pistoletas-45-mm-granules-1911-bruni\/"},"modified":"2024-11-15T20:02:33","modified_gmt":"2024-11-15T17:02:33","slug":"co2-pitol-45mm-pellets-1911-bruni","status":"publish","type":"product","link":"https:\/\/kingarms.ee\/lt\/product\/co2-pitol-45mm-pellets-1911-bruni\/","title":{"rendered":"CO2 pistoletas 4,5 mm granul\u0117s 1911 [Bruni]"},"content":{"rendered":"","protected":false},"excerpt":{"rendered":"<p>CO2 pistoletas<br \/>\n45 mm kalibras<br \/>\nAmunicijos plienin\u0117s granul\u0117s<br \/>\nPolimero r\u0117mas ir metalin\u0117 skaidr\u0117<br \/>\n\u0161autuvin\u0117 statin\u0117 (be sm\u016bgio)<br \/>\nbesisukantis \u017eurnalas 6 + 6 raundai<br \/>\nSaugus ir vienas kadras<br \/>\nCO2 skyrius \u017eurnale<br \/>\nilgis 220 mm<br \/>\nsvoris 810 g<\/p>\n","protected":false},"featured_media":125941,"template":"","meta":{"_acf_changed":false},"product_brand":[],"product_cat":[1143],"product_tag":[],"class_list":{"0":"post-137600","1":"product","2":"type-product","3":"status-publish","4":"has-post-thumbnail","6":"product_cat-rankinis-ginklas","8":"first","9":"instock","10":"purchasable","11":"product-type-simple"},"acf":[],"_links":{"self":[{"href":"https:\/\/kingarms.ee\/lt\/wp-json\/wp\/v2\/product\/137600","targetHints":{"allow":["GET"]}}],"collection":[{"href":"https:\/\/kingarms.ee\/lt\/wp-json\/wp\/v2\/product"}],"about":[{"href":"https:\/\/kingarms.ee\/lt\/wp-json\/wp\/v2\/types\/product"}],"wp:featuredmedia":[{"embeddable":true,"href":"https:\/\/kingarms.ee\/lt\/wp-json\/wp\/v2\/media\/125941"}],"wp:attachment":[{"href":"https:\/\/kingarms.ee\/lt\/wp-json\/wp\/v2\/media?parent=137600"}],"wp:term":[{"taxonomy":"product_brand","embeddable":true,"href":"https:\/\/kingarms.ee\/lt\/wp-json\/wp\/v2\/product_brand?post=137600"},{"taxonomy":"product_cat","embeddable":true,"href":"https:\/\/kingarms.ee\/lt\/wp-json\/wp\/v2\/product_cat?post=137600"},{"taxonomy":"product_tag","embeddable":true,"href":"https:\/\/kingarms.ee\/lt\/wp-json\/wp\/v2\/product_tag?post=137600"}],"curies":[{"name":"wp","href":"https:\/\/api.w.org\/{rel}","templated":true}]}}