{"id":137608,"date":"2022-12-19T16:59:42","date_gmt":"2022-12-19T13:59:42","guid":{"rendered":"https:\/\/kingarms.ee\/product\/virsutinis-saudymas-tuscias-pistoletas-p4-9-mm-bruni\/"},"modified":"2024-11-15T20:19:32","modified_gmt":"2024-11-15T17:19:32","slug":"populiariausias-slankis-pistol-p4-9-mm-bruni","status":"publish","type":"product","link":"https:\/\/kingarms.ee\/lt\/product\/populiariausias-slankis-pistol-p4-9-mm-bruni\/","title":{"rendered":"Vir\u0161utinis \u0161audymas tu\u0161\u010dias pistoletas P4 9 mm Bruni"},"content":{"rendered":"","protected":false},"excerpt":{"rendered":"<p>Vir\u0161utinis \u0161audymas tu\u0161\u010dias pistoletas P4 9 mm Bruni<\/p>\n<p>Vir\u0161utinis \u0161audymas tu\u0161\u010dias pistoletas<br \/>\n10 raund\u0173 \u017eurnalas<br \/>\n9 mm kalibras<br \/>\nDvigubas veiksmas<br \/>\npusiau aut<br \/>\nilgis 192 mm<br \/>\nSvoris 950 g<br \/>\njuoda spalva<\/p>\n","protected":false},"featured_media":152646,"template":"","meta":{"_acf_changed":false},"product_brand":[],"product_cat":[1148],"product_tag":[],"class_list":{"0":"post-137608","1":"product","2":"type-product","3":"status-publish","4":"has-post-thumbnail","6":"product_cat-pradedantys-pistoletai","8":"first","9":"instock","10":"purchasable","11":"product-type-simple"},"acf":[],"_links":{"self":[{"href":"https:\/\/kingarms.ee\/lt\/wp-json\/wp\/v2\/product\/137608","targetHints":{"allow":["GET"]}}],"collection":[{"href":"https:\/\/kingarms.ee\/lt\/wp-json\/wp\/v2\/product"}],"about":[{"href":"https:\/\/kingarms.ee\/lt\/wp-json\/wp\/v2\/types\/product"}],"wp:featuredmedia":[{"embeddable":true,"href":"https:\/\/kingarms.ee\/lt\/wp-json\/wp\/v2\/media\/152646"}],"wp:attachment":[{"href":"https:\/\/kingarms.ee\/lt\/wp-json\/wp\/v2\/media?parent=137608"}],"wp:term":[{"taxonomy":"product_brand","embeddable":true,"href":"https:\/\/kingarms.ee\/lt\/wp-json\/wp\/v2\/product_brand?post=137608"},{"taxonomy":"product_cat","embeddable":true,"href":"https:\/\/kingarms.ee\/lt\/wp-json\/wp\/v2\/product_cat?post=137608"},{"taxonomy":"product_tag","embeddable":true,"href":"https:\/\/kingarms.ee\/lt\/wp-json\/wp\/v2\/product_tag?post=137608"}],"curies":[{"name":"wp","href":"https:\/\/api.w.org\/{rel}","templated":true}]}}