{"id":137623,"date":"2022-12-19T16:59:31","date_gmt":"2024-11-16T13:42:17","guid":{"rendered":"https:\/\/kingarms.ee\/product\/peciu-deklas-karaliskas\/"},"modified":"2024-11-16T16:42:17","modified_gmt":"2024-11-16T13:42:17","slug":"petys-holster-royal","status":"publish","type":"product","link":"https:\/\/kingarms.ee\/lt\/product\/petys-holster-royal\/","title":{"rendered":"Pe\u010di\u0173 d\u0117klas karali\u0161kas"},"content":{"rendered":"","protected":false},"excerpt":{"rendered":"<p>Pe\u010di\u0173 d\u0117klas karali\u0161kas<\/p>\n<p>Cordura pe\u010di\u0173 d\u0117klas<br \/>\nUNIVERALINIS AKSTAS su mygtuko u\u017edarymu<br \/>\nKoregavimai naudojant \u201eVelcro\u201c ir vieno \u017eurnalo mai\u0161el\u012f su \u201eVelcro\u201c u\u017edarymu<br \/>\n\u201eDouble Magazine\u201c mai\u0161elis su \u201eVelcro\u201c u\u017edarymu prie\u0161ingoje pus\u0117je<br \/>\nReguliuojamas tinkamas<br \/>\nItali\u0161ka \u201eCamo\u201c spalva<\/p>\n","protected":false},"featured_media":128371,"template":"","meta":{"_acf_changed":false},"product_brand":[],"product_cat":[1163],"product_tag":[],"class_list":{"0":"post-137623","1":"product","2":"type-product","3":"status-publish","4":"has-post-thumbnail","6":"product_cat-kabur","8":"first","9":"instock","10":"purchasable","11":"product-type-simple"},"acf":[],"_links":{"self":[{"href":"https:\/\/kingarms.ee\/lt\/wp-json\/wp\/v2\/product\/137623","targetHints":{"allow":["GET"]}}],"collection":[{"href":"https:\/\/kingarms.ee\/lt\/wp-json\/wp\/v2\/product"}],"about":[{"href":"https:\/\/kingarms.ee\/lt\/wp-json\/wp\/v2\/types\/product"}],"wp:featuredmedia":[{"embeddable":true,"href":"https:\/\/kingarms.ee\/lt\/wp-json\/wp\/v2\/media\/128371"}],"wp:attachment":[{"href":"https:\/\/kingarms.ee\/lt\/wp-json\/wp\/v2\/media?parent=137623"}],"wp:term":[{"taxonomy":"product_brand","embeddable":true,"href":"https:\/\/kingarms.ee\/lt\/wp-json\/wp\/v2\/product_brand?post=137623"},{"taxonomy":"product_cat","embeddable":true,"href":"https:\/\/kingarms.ee\/lt\/wp-json\/wp\/v2\/product_cat?post=137623"},{"taxonomy":"product_tag","embeddable":true,"href":"https:\/\/kingarms.ee\/lt\/wp-json\/wp\/v2\/product_tag?post=137623"}],"curies":[{"name":"wp","href":"https:\/\/api.w.org\/{rel}","templated":true}]}}