{"id":137635,"date":"2022-11-28T18:51:56","date_gmt":"2024-11-16T14:52:18","guid":{"rendered":"https:\/\/kingarms.ee\/product\/baterija-lr9-everactive\/"},"modified":"2024-11-16T17:52:18","modified_gmt":"2024-11-16T14:52:18","slug":"akumuliatorius-lr9-everaktion","status":"publish","type":"product","link":"https:\/\/kingarms.ee\/lt\/product\/akumuliatorius-lr9-everaktion\/","title":{"rendered":"Baterija LR9 Everactive"},"content":{"rendered":"","protected":false},"excerpt":{"rendered":"<p>Baterija LR9 Everactive<\/p>\n<p>\u201eEveractive LR9 \/ 6LR61\u201c (9V 1PC) \u0161armin\u0117 baterija, kurios matmenys yra 25,5 x 17 x 48 mm, yra patikima AA pir\u0161to tipo \u0161armin\u0117 baterija.<br \/>\nD\u0117l auk\u0161tos kokyb\u0117s akumuliatorius tinka tiek kasdien, tiek profesionaliai.<\/p>\n","protected":false},"featured_media":125751,"template":"","meta":{"_acf_changed":false},"product_brand":[],"product_cat":[1194],"product_tag":[],"class_list":{"0":"post-137635","1":"product","2":"type-product","3":"status-publish","4":"has-post-thumbnail","6":"product_cat-baterijos","8":"first","9":"instock","10":"purchasable","11":"product-type-simple"},"acf":[],"_links":{"self":[{"href":"https:\/\/kingarms.ee\/lt\/wp-json\/wp\/v2\/product\/137635","targetHints":{"allow":["GET"]}}],"collection":[{"href":"https:\/\/kingarms.ee\/lt\/wp-json\/wp\/v2\/product"}],"about":[{"href":"https:\/\/kingarms.ee\/lt\/wp-json\/wp\/v2\/types\/product"}],"wp:featuredmedia":[{"embeddable":true,"href":"https:\/\/kingarms.ee\/lt\/wp-json\/wp\/v2\/media\/125751"}],"wp:attachment":[{"href":"https:\/\/kingarms.ee\/lt\/wp-json\/wp\/v2\/media?parent=137635"}],"wp:term":[{"taxonomy":"product_brand","embeddable":true,"href":"https:\/\/kingarms.ee\/lt\/wp-json\/wp\/v2\/product_brand?post=137635"},{"taxonomy":"product_cat","embeddable":true,"href":"https:\/\/kingarms.ee\/lt\/wp-json\/wp\/v2\/product_cat?post=137635"},{"taxonomy":"product_tag","embeddable":true,"href":"https:\/\/kingarms.ee\/lt\/wp-json\/wp\/v2\/product_tag?post=137635"}],"curies":[{"name":"wp","href":"https:\/\/api.w.org\/{rel}","templated":true}]}}