{"id":137636,"date":"2022-11-28T18:51:56","date_gmt":"2024-11-16T15:24:09","guid":{"rendered":"https:\/\/kingarms.ee\/product\/deklas-dirzu-lauzams\/"},"modified":"2024-11-16T18:24:09","modified_gmt":"2024-11-16T15:24:09","slug":"deklo-dirzo-elimininkai","status":"publish","type":"product","link":"https:\/\/kingarms.ee\/lt\/product\/deklo-dirzo-elimininkai\/","title":{"rendered":"D\u0117klas dir\u017e\u0173 lau\u017eams"},"content":{"rendered":"","protected":false},"excerpt":{"rendered":"<p>D\u0117klas dir\u017e\u0173 lau\u017eams<\/p>\n<p>Idealiu atveju tinka daugumai kompaktini\u0173 ir kompakti\u0161k\u0173 pistolet\u0173<br \/>\nDe\u0161inioji ranka, liemen\u0117s viduje (IWB)<br \/>\nFunkcijos pamink\u0161tintas audinys, kad b\u016bt\u0173 patogu ne\u0161iotis<br \/>\n\u017demo profilio elastingas su kabliuko ir kilpos u\u017edarymu, kad b\u016bt\u0173 galima saugiai sulaikyti<\/p>\n","protected":false},"featured_media":125693,"template":"","meta":{"_acf_changed":false},"product_brand":[],"product_cat":[1163],"product_tag":[],"class_list":{"0":"post-137636","1":"product","2":"type-product","3":"status-publish","4":"has-post-thumbnail","6":"product_cat-kabur","8":"first","9":"instock","10":"purchasable","11":"product-type-simple"},"acf":[],"_links":{"self":[{"href":"https:\/\/kingarms.ee\/lt\/wp-json\/wp\/v2\/product\/137636","targetHints":{"allow":["GET"]}}],"collection":[{"href":"https:\/\/kingarms.ee\/lt\/wp-json\/wp\/v2\/product"}],"about":[{"href":"https:\/\/kingarms.ee\/lt\/wp-json\/wp\/v2\/types\/product"}],"wp:featuredmedia":[{"embeddable":true,"href":"https:\/\/kingarms.ee\/lt\/wp-json\/wp\/v2\/media\/125693"}],"wp:attachment":[{"href":"https:\/\/kingarms.ee\/lt\/wp-json\/wp\/v2\/media?parent=137636"}],"wp:term":[{"taxonomy":"product_brand","embeddable":true,"href":"https:\/\/kingarms.ee\/lt\/wp-json\/wp\/v2\/product_brand?post=137636"},{"taxonomy":"product_cat","embeddable":true,"href":"https:\/\/kingarms.ee\/lt\/wp-json\/wp\/v2\/product_cat?post=137636"},{"taxonomy":"product_tag","embeddable":true,"href":"https:\/\/kingarms.ee\/lt\/wp-json\/wp\/v2\/product_tag?post=137636"}],"curies":[{"name":"wp","href":"https:\/\/api.w.org\/{rel}","templated":true}]}}