{"id":137655,"date":"2022-11-21T15:30:20","date_gmt":"2024-11-16T15:50:37","guid":{"rendered":"https:\/\/kingarms.ee\/product\/plius-pocket-royal\/"},"modified":"2024-11-16T18:50:37","modified_gmt":"2024-11-16T15:50:37","slug":"naudingumo-kukulio-royal-8","status":"publish","type":"product","link":"https:\/\/kingarms.ee\/lt\/product\/naudingumo-kukulio-royal-8\/","title":{"rendered":"Plius \u201ePocket Royal\u201c"},"content":{"rendered":"","protected":false},"excerpt":{"rendered":"<p>Plius \u201ePocket Royal\u201c<\/p>\n<p>Vertikalus naudingumo mai\u0161elis<\/p>\n<p>Vidutiniai matmenys<\/p>\n<p>Poliesteris<\/p>\n<p>Dvigubas u\u017etrauktukas<\/p>\n<p>\u201eMolle\u201c sistemos laikiklis<\/p>\n<p>Pried\u0173 priekin\u0117 ir galin\u0117 mol\u0117s sistema<\/p>\n<p>Matmenys 210 mm x 160 mm x 80 mm<\/p>\n","protected":false},"featured_media":125519,"template":"","meta":{"_acf_changed":false},"product_brand":[],"product_cat":[1246,1240],"product_tag":[],"class_list":{"0":"post-137655","1":"product","2":"type-product","3":"status-publish","4":"has-post-thumbnail","6":"product_cat-kisenes","7":"product_cat-maiseliai-krepsiai-ir-dirzeliai","9":"first","10":"instock","11":"sale","12":"taxable","13":"shipping-taxable","14":"purchasable","15":"product-type-simple"},"acf":[],"_links":{"self":[{"href":"https:\/\/kingarms.ee\/lt\/wp-json\/wp\/v2\/product\/137655","targetHints":{"allow":["GET"]}}],"collection":[{"href":"https:\/\/kingarms.ee\/lt\/wp-json\/wp\/v2\/product"}],"about":[{"href":"https:\/\/kingarms.ee\/lt\/wp-json\/wp\/v2\/types\/product"}],"wp:featuredmedia":[{"embeddable":true,"href":"https:\/\/kingarms.ee\/lt\/wp-json\/wp\/v2\/media\/125519"}],"wp:attachment":[{"href":"https:\/\/kingarms.ee\/lt\/wp-json\/wp\/v2\/media?parent=137655"}],"wp:term":[{"taxonomy":"product_brand","embeddable":true,"href":"https:\/\/kingarms.ee\/lt\/wp-json\/wp\/v2\/product_brand?post=137655"},{"taxonomy":"product_cat","embeddable":true,"href":"https:\/\/kingarms.ee\/lt\/wp-json\/wp\/v2\/product_cat?post=137655"},{"taxonomy":"product_tag","embeddable":true,"href":"https:\/\/kingarms.ee\/lt\/wp-json\/wp\/v2\/product_tag?post=137655"}],"curies":[{"name":"wp","href":"https:\/\/api.w.org\/{rel}","templated":true}]}}