{"id":137657,"date":"2022-11-21T15:26:13","date_gmt":"2024-11-16T15:54:21","guid":{"rendered":"https:\/\/kingarms.ee\/product\/zurnalu-maiselis-karaliskas\/"},"modified":"2024-11-16T18:54:21","modified_gmt":"2024-11-16T15:54:21","slug":"naudingumo-puodis-royal-6","status":"publish","type":"product","link":"https:\/\/kingarms.ee\/lt\/product\/naudingumo-puodis-royal-6\/","title":{"rendered":"\u017durnal\u0173 mai\u0161elis karali\u0161kas"},"content":{"rendered":"","protected":false},"excerpt":{"rendered":"<p>\u017durnal\u0173 mai\u0161elis karali\u0161kas<\/p>\n<p>\u201eCordura\u201c naudingumo mai\u0161elis<\/p>\n<p>\u201eVelcro +\u201c spaustuko u\u017edarymas<\/p>\n<p>galin\u0117 mol\u0117s sistema<\/p>\n<p>Vidiniai matmenys 170 mm x 80 mm x 80 mm<\/p>\n","protected":false},"featured_media":134327,"template":"","meta":{"_acf_changed":false},"product_brand":[],"product_cat":[1246],"product_tag":[],"class_list":{"0":"post-137657","1":"product","2":"type-product","3":"status-publish","4":"has-post-thumbnail","6":"product_cat-kisenes","8":"first","9":"instock","10":"sale","11":"taxable","12":"shipping-taxable","13":"purchasable","14":"product-type-simple"},"acf":[],"_links":{"self":[{"href":"https:\/\/kingarms.ee\/lt\/wp-json\/wp\/v2\/product\/137657","targetHints":{"allow":["GET"]}}],"collection":[{"href":"https:\/\/kingarms.ee\/lt\/wp-json\/wp\/v2\/product"}],"about":[{"href":"https:\/\/kingarms.ee\/lt\/wp-json\/wp\/v2\/types\/product"}],"wp:featuredmedia":[{"embeddable":true,"href":"https:\/\/kingarms.ee\/lt\/wp-json\/wp\/v2\/media\/134327"}],"wp:attachment":[{"href":"https:\/\/kingarms.ee\/lt\/wp-json\/wp\/v2\/media?parent=137657"}],"wp:term":[{"taxonomy":"product_brand","embeddable":true,"href":"https:\/\/kingarms.ee\/lt\/wp-json\/wp\/v2\/product_brand?post=137657"},{"taxonomy":"product_cat","embeddable":true,"href":"https:\/\/kingarms.ee\/lt\/wp-json\/wp\/v2\/product_cat?post=137657"},{"taxonomy":"product_tag","embeddable":true,"href":"https:\/\/kingarms.ee\/lt\/wp-json\/wp\/v2\/product_tag?post=137657"}],"curies":[{"name":"wp","href":"https:\/\/api.w.org\/{rel}","templated":true}]}}