{"id":137663,"date":"2022-11-21T15:20:03","date_gmt":"2024-11-16T16:00:23","guid":{"rendered":"https:\/\/kingarms.ee\/product\/komunaliniu-maiseliu-karaliskasis\/"},"modified":"2024-11-16T19:00:23","modified_gmt":"2024-11-16T16:00:23","slug":"naudingumo-puodis-royal-3","status":"publish","type":"product","link":"https:\/\/kingarms.ee\/lt\/product\/naudingumo-puodis-royal-3\/","title":{"rendered":"Komunalini\u0173 Mai\u0161eli\u0173 Karali\u0161kasis"},"content":{"rendered":"","protected":false},"excerpt":{"rendered":"<p>Komunalini\u0173 mai\u0161eli\u0173 karali\u0161kasis<\/p>\n<p>naudingumo mai\u0161elis<\/p>\n<p>Cordura<\/p>\n<p>3 Vidinis skyrius<\/p>\n<p>\u201eVelcro\u201c ir \u201eClip\u201c u\u017edarymas<\/p>\n<p>Molle kabliuko sistema<\/p>\n","protected":false},"featured_media":134325,"template":"","meta":{"_acf_changed":false},"product_brand":[],"product_cat":[1246,1240],"product_tag":[],"class_list":{"0":"post-137663","1":"product","2":"type-product","3":"status-publish","4":"has-post-thumbnail","6":"product_cat-kisenes","7":"product_cat-maiseliai-krepsiai-ir-dirzeliai","9":"first","10":"instock","11":"sale","12":"taxable","13":"shipping-taxable","14":"purchasable","15":"product-type-simple"},"acf":[],"_links":{"self":[{"href":"https:\/\/kingarms.ee\/lt\/wp-json\/wp\/v2\/product\/137663","targetHints":{"allow":["GET"]}}],"collection":[{"href":"https:\/\/kingarms.ee\/lt\/wp-json\/wp\/v2\/product"}],"about":[{"href":"https:\/\/kingarms.ee\/lt\/wp-json\/wp\/v2\/types\/product"}],"wp:featuredmedia":[{"embeddable":true,"href":"https:\/\/kingarms.ee\/lt\/wp-json\/wp\/v2\/media\/134325"}],"wp:attachment":[{"href":"https:\/\/kingarms.ee\/lt\/wp-json\/wp\/v2\/media?parent=137663"}],"wp:term":[{"taxonomy":"product_brand","embeddable":true,"href":"https:\/\/kingarms.ee\/lt\/wp-json\/wp\/v2\/product_brand?post=137663"},{"taxonomy":"product_cat","embeddable":true,"href":"https:\/\/kingarms.ee\/lt\/wp-json\/wp\/v2\/product_cat?post=137663"},{"taxonomy":"product_tag","embeddable":true,"href":"https:\/\/kingarms.ee\/lt\/wp-json\/wp\/v2\/product_tag?post=137663"}],"curies":[{"name":"wp","href":"https:\/\/api.w.org\/{rel}","templated":true}]}}