{"id":137671,"date":"2022-11-14T16:48:58","date_gmt":"2024-11-16T16:23:19","guid":{"rendered":"https:\/\/kingarms.ee\/product\/besisukantis-pistol-magazine-holder-wosport\/"},"modified":"2024-11-16T19:23:19","modified_gmt":"2024-11-16T16:23:19","slug":"besisukantis-pistoletas-magazinas-holder-wosport-2","status":"publish","type":"product","link":"https:\/\/kingarms.ee\/lt\/product\/besisukantis-pistoletas-magazinas-holder-wosport-2\/","title":{"rendered":"Besisukantis \u201ePistol Magazine Holder Wosport\u201c"},"content":{"rendered":"","protected":false},"excerpt":{"rendered":"<p>Besisukantis \u201ePistol Magazine Holder Wosport\u201c<\/p>\n<p>\u201eRotAnging Pistol Magazine Holder\u201c<br \/>\n360\u00b0 rotation<br \/>\nsuitable for belt up to 1,5 inches<br \/>\nTinka 1911, G17, PX4, XDM serijos pistoleto \u017eurnalams<br \/>\nTiek dir\u017eo laikikl\u012f, tiek \u017eurnalo laikikl\u012f galima sureguliuoti<\/p>\n","protected":false},"featured_media":125267,"template":"","meta":{"_acf_changed":false},"product_brand":[],"product_cat":[1246,1240],"product_tag":[],"class_list":{"0":"post-137671","1":"product","2":"type-product","3":"status-publish","4":"has-post-thumbnail","6":"product_cat-kisenes","7":"product_cat-maiseliai-krepsiai-ir-dirzeliai","9":"first","10":"instock","11":"purchasable","12":"product-type-simple"},"acf":[],"_links":{"self":[{"href":"https:\/\/kingarms.ee\/lt\/wp-json\/wp\/v2\/product\/137671","targetHints":{"allow":["GET"]}}],"collection":[{"href":"https:\/\/kingarms.ee\/lt\/wp-json\/wp\/v2\/product"}],"about":[{"href":"https:\/\/kingarms.ee\/lt\/wp-json\/wp\/v2\/types\/product"}],"wp:featuredmedia":[{"embeddable":true,"href":"https:\/\/kingarms.ee\/lt\/wp-json\/wp\/v2\/media\/125267"}],"wp:attachment":[{"href":"https:\/\/kingarms.ee\/lt\/wp-json\/wp\/v2\/media?parent=137671"}],"wp:term":[{"taxonomy":"product_brand","embeddable":true,"href":"https:\/\/kingarms.ee\/lt\/wp-json\/wp\/v2\/product_brand?post=137671"},{"taxonomy":"product_cat","embeddable":true,"href":"https:\/\/kingarms.ee\/lt\/wp-json\/wp\/v2\/product_cat?post=137671"},{"taxonomy":"product_tag","embeddable":true,"href":"https:\/\/kingarms.ee\/lt\/wp-json\/wp\/v2\/product_tag?post=137671"}],"curies":[{"name":"wp","href":"https:\/\/api.w.org\/{rel}","templated":true}]}}