{"id":137694,"date":"2022-11-14T16:48:58","date_gmt":"2024-11-18T08:47:54","guid":{"rendered":"https:\/\/kingarms.ee\/product\/sudetinis-lankas-45-65-svaru\/"},"modified":"2024-11-18T11:47:54","modified_gmt":"2024-11-18T08:47:54","slug":"compoing-bow-45-65-sbb","status":"publish","type":"product","link":"https:\/\/kingarms.ee\/lt\/product\/compoing-bow-45-65-sbb\/","title":{"rendered":"Sud\u0117tinis lankas 45\u201365 svar\u0173"},"content":{"rendered":"","protected":false},"excerpt":{"rendered":"<p>Sud\u0117tinis lankas 45\u201365 svar\u0173<\/p>\n<p>Sud\u0117tinis lanko sriegis<br \/>\nReguliuojamas traukos svoris 45\u201365 svar\u0173<br \/>\nNubr\u0117\u017ekite ilg\u012f 21 &#8220;-30&#8243;<br \/>\nGreitis 240 FPS<br \/>\nAtleiskite 65%<br \/>\na\u0161is iki a\u0161ies 39.5 &#8221;<br \/>\nPlieniniai kabeliai<br \/>\nstygini\u0173 lankas 29.5 &#8220;<\/p>\n","protected":false},"featured_media":125279,"template":"","meta":{"_acf_changed":false},"product_brand":[],"product_cat":[1156],"product_tag":[],"class_list":{"0":"post-137694","1":"product","2":"type-product","3":"status-publish","4":"has-post-thumbnail","6":"product_cat-lankai","8":"first","9":"instock","10":"sale","11":"purchasable","12":"product-type-simple"},"acf":[],"_links":{"self":[{"href":"https:\/\/kingarms.ee\/lt\/wp-json\/wp\/v2\/product\/137694","targetHints":{"allow":["GET"]}}],"collection":[{"href":"https:\/\/kingarms.ee\/lt\/wp-json\/wp\/v2\/product"}],"about":[{"href":"https:\/\/kingarms.ee\/lt\/wp-json\/wp\/v2\/types\/product"}],"wp:featuredmedia":[{"embeddable":true,"href":"https:\/\/kingarms.ee\/lt\/wp-json\/wp\/v2\/media\/125279"}],"wp:attachment":[{"href":"https:\/\/kingarms.ee\/lt\/wp-json\/wp\/v2\/media?parent=137694"}],"wp:term":[{"taxonomy":"product_brand","embeddable":true,"href":"https:\/\/kingarms.ee\/lt\/wp-json\/wp\/v2\/product_brand?post=137694"},{"taxonomy":"product_cat","embeddable":true,"href":"https:\/\/kingarms.ee\/lt\/wp-json\/wp\/v2\/product_cat?post=137694"},{"taxonomy":"product_tag","embeddable":true,"href":"https:\/\/kingarms.ee\/lt\/wp-json\/wp\/v2\/product_tag?post=137694"}],"curies":[{"name":"wp","href":"https:\/\/api.w.org\/{rel}","templated":true}]}}