{"id":137731,"date":"2022-11-14T16:48:42","date_gmt":"2024-11-18T09:40:06","guid":{"rendered":"https:\/\/kingarms.ee\/product\/cnc-trigger-ak-c-tipo-modifikuoti\/"},"modified":"2024-11-18T12:40:06","modified_gmt":"2024-11-18T09:40:06","slug":"cnc-trigger-ak-type-cmodify","status":"publish","type":"product","link":"https:\/\/kingarms.ee\/lt\/product\/cnc-trigger-ak-type-cmodify\/","title":{"rendered":"CNC Trigger AK C tipo modifikuoti"},"content":{"rendered":"","protected":false},"excerpt":{"rendered":"<p>CNC Trigger AK C tipo modifikuoti<\/p>\n<p>Triggerio tipas c<br \/>\nanoduotas aliuminio duris En AW 7075 Konstrukcija<br \/>\nGaminta su CNC ma\u0161inomis<br \/>\nStandartinis atsakymo trigeris<br \/>\nSkirta 3 versijos pavar\u0173 d\u0117\u017e\u0117ms su \u201eTokyo MaUi Standard\u201c<\/p>\n","protected":false},"featured_media":125395,"template":"","meta":{"_acf_changed":false},"product_brand":[],"product_cat":[1250],"product_tag":[],"class_list":{"0":"post-137731","1":"product","2":"type-product","3":"status-publish","4":"has-post-thumbnail","6":"product_cat-derinimas","8":"first","9":"instock","10":"purchasable","11":"product-type-simple"},"acf":[],"_links":{"self":[{"href":"https:\/\/kingarms.ee\/lt\/wp-json\/wp\/v2\/product\/137731","targetHints":{"allow":["GET"]}}],"collection":[{"href":"https:\/\/kingarms.ee\/lt\/wp-json\/wp\/v2\/product"}],"about":[{"href":"https:\/\/kingarms.ee\/lt\/wp-json\/wp\/v2\/types\/product"}],"wp:featuredmedia":[{"embeddable":true,"href":"https:\/\/kingarms.ee\/lt\/wp-json\/wp\/v2\/media\/125395"}],"wp:attachment":[{"href":"https:\/\/kingarms.ee\/lt\/wp-json\/wp\/v2\/media?parent=137731"}],"wp:term":[{"taxonomy":"product_brand","embeddable":true,"href":"https:\/\/kingarms.ee\/lt\/wp-json\/wp\/v2\/product_brand?post=137731"},{"taxonomy":"product_cat","embeddable":true,"href":"https:\/\/kingarms.ee\/lt\/wp-json\/wp\/v2\/product_cat?post=137731"},{"taxonomy":"product_tag","embeddable":true,"href":"https:\/\/kingarms.ee\/lt\/wp-json\/wp\/v2\/product_tag?post=137731"}],"curies":[{"name":"wp","href":"https:\/\/api.w.org\/{rel}","templated":true}]}}