{"id":137736,"date":"2022-11-14T16:48:42","date_gmt":"2024-11-18T09:49:59","guid":{"rendered":"https:\/\/kingarms.ee\/product\/nailono-pluosto-stumoklis-modifikuoja\/"},"modified":"2024-11-18T12:49:59","modified_gmt":"2024-11-18T09:49:59","slug":"nailono-pluosto-pistonroyal-2","status":"publish","type":"product","link":"https:\/\/kingarms.ee\/lt\/product\/nailono-pluosto-pistonroyal-2\/","title":{"rendered":"Nailono pluo\u0161to st\u016bmoklis modifikuoja"},"content":{"rendered":"","protected":false},"excerpt":{"rendered":"<p>Nailono pluo\u0161to st\u016bmoklis modifikuoja<\/p>\n<p>Nailono pluo\u0161to st\u016bmoklis<br \/>\n15 metalini\u0173 dant\u0173<\/p>\n","protected":false},"featured_media":125399,"template":"","meta":{"_acf_changed":false},"product_brand":[],"product_cat":[1250],"product_tag":[],"class_list":{"0":"post-137736","1":"product","2":"type-product","3":"status-publish","4":"has-post-thumbnail","6":"product_cat-derinimas","8":"first","9":"instock","10":"purchasable","11":"product-type-simple"},"acf":[],"_links":{"self":[{"href":"https:\/\/kingarms.ee\/lt\/wp-json\/wp\/v2\/product\/137736","targetHints":{"allow":["GET"]}}],"collection":[{"href":"https:\/\/kingarms.ee\/lt\/wp-json\/wp\/v2\/product"}],"about":[{"href":"https:\/\/kingarms.ee\/lt\/wp-json\/wp\/v2\/types\/product"}],"wp:featuredmedia":[{"embeddable":true,"href":"https:\/\/kingarms.ee\/lt\/wp-json\/wp\/v2\/media\/125399"}],"wp:attachment":[{"href":"https:\/\/kingarms.ee\/lt\/wp-json\/wp\/v2\/media?parent=137736"}],"wp:term":[{"taxonomy":"product_brand","embeddable":true,"href":"https:\/\/kingarms.ee\/lt\/wp-json\/wp\/v2\/product_brand?post=137736"},{"taxonomy":"product_cat","embeddable":true,"href":"https:\/\/kingarms.ee\/lt\/wp-json\/wp\/v2\/product_cat?post=137736"},{"taxonomy":"product_tag","embeddable":true,"href":"https:\/\/kingarms.ee\/lt\/wp-json\/wp\/v2\/product_tag?post=137736"}],"curies":[{"name":"wp","href":"https:\/\/api.w.org\/{rel}","templated":true}]}}