{"id":137738,"date":"2022-11-14T16:48:42","date_gmt":"2024-11-18T09:52:03","guid":{"rendered":"https:\/\/kingarms.ee\/product\/cnc-trigger-ak-c-tipo-modifikuoti\/"},"modified":"2024-11-18T12:52:03","modified_gmt":"2024-11-18T09:52:03","slug":"cnc-trigger-ak-type-cmodify-2","status":"publish","type":"product","link":"https:\/\/kingarms.ee\/lt\/product\/cnc-trigger-ak-type-cmodify-2\/","title":{"rendered":"CNC Trigger AK C Tipo ModifikUoti"},"content":{"rendered":"","protected":false},"excerpt":{"rendered":"<p>CNC Trigger AK C Tipo ModifikUoti<\/p>\n<p>Triggeris Tipas c<br \/>\nAnoduotas Aliuminio Duris en AW 7075 Konstrukcija<br \/>\n\u201eGaminta Su Cnc Ma\u0161inomis\u201c<br \/>\nStandartinis Atsakymo trigeris<br \/>\n\u201eSKIRTA 3 VERSIJOS Pavar\u0173 D\u0117\u017e\u0117MS Su\u201c Tokyo Maui standartas \u201c<\/p>\n","protected":false},"featured_media":125393,"template":"","meta":{"_acf_changed":false},"product_brand":[],"product_cat":[1250],"product_tag":[],"class_list":{"0":"post-137738","1":"product","2":"type-product","3":"status-publish","4":"has-post-thumbnail","6":"product_cat-derinimas","8":"first","9":"instock","10":"purchasable","11":"product-type-simple"},"acf":[],"_links":{"self":[{"href":"https:\/\/kingarms.ee\/lt\/wp-json\/wp\/v2\/product\/137738","targetHints":{"allow":["GET"]}}],"collection":[{"href":"https:\/\/kingarms.ee\/lt\/wp-json\/wp\/v2\/product"}],"about":[{"href":"https:\/\/kingarms.ee\/lt\/wp-json\/wp\/v2\/types\/product"}],"wp:featuredmedia":[{"embeddable":true,"href":"https:\/\/kingarms.ee\/lt\/wp-json\/wp\/v2\/media\/125393"}],"wp:attachment":[{"href":"https:\/\/kingarms.ee\/lt\/wp-json\/wp\/v2\/media?parent=137738"}],"wp:term":[{"taxonomy":"product_brand","embeddable":true,"href":"https:\/\/kingarms.ee\/lt\/wp-json\/wp\/v2\/product_brand?post=137738"},{"taxonomy":"product_cat","embeddable":true,"href":"https:\/\/kingarms.ee\/lt\/wp-json\/wp\/v2\/product_cat?post=137738"},{"taxonomy":"product_tag","embeddable":true,"href":"https:\/\/kingarms.ee\/lt\/wp-json\/wp\/v2\/product_tag?post=137738"}],"curies":[{"name":"wp","href":"https:\/\/api.w.org\/{rel}","templated":true}]}}