{"id":137772,"date":"2022-11-14T16:48:32","date_gmt":"2024-11-18T10:34:55","guid":{"rendered":"https:\/\/kingarms.ee\/product\/evolveris-25-sidabrasbruni\/"},"modified":"2024-11-18T13:34:55","modified_gmt":"2024-11-18T10:34:55","slug":"evolver-25-silverbruni","status":"publish","type":"product","link":"https:\/\/kingarms.ee\/lt\/product\/evolver-25-silverbruni\/","title":{"rendered":"Evolveris 2,5 &#8220;sidabras[bruni]"},"content":{"rendered":"","protected":false},"excerpt":{"rendered":"<p>CO2 revolveris<br \/>\n4,5 mm kalibras<br \/>\nVisas metalas<br \/>\n6 raundai b\u016bgn\u0173 \u017eurnalas<br \/>\nStatin\u0117s ilgis 2,5 colio<br \/>\nSaugos u\u017eraktas, vienas kadras<br \/>\n6 \u0161\u016bviai, pridedamas \u201eSpeed Loaderand Rail\u201c<br \/>\nVidutin\u0117 galia 1,62J (apie 96 m\/s su 0,35 g plieno BBS)<br \/>\nilgis 209 mm<br \/>\nsvoris 875 g<\/p>\n","protected":false},"featured_media":125431,"template":"","meta":{"_acf_changed":false},"product_brand":[],"product_cat":[1143],"product_tag":[],"class_list":{"0":"post-137772","1":"product","2":"type-product","3":"status-publish","4":"has-post-thumbnail","6":"product_cat-rankinis-ginklas","8":"first","9":"onbackorder","10":"product-type-simple"},"acf":[],"_links":{"self":[{"href":"https:\/\/kingarms.ee\/lt\/wp-json\/wp\/v2\/product\/137772","targetHints":{"allow":["GET"]}}],"collection":[{"href":"https:\/\/kingarms.ee\/lt\/wp-json\/wp\/v2\/product"}],"about":[{"href":"https:\/\/kingarms.ee\/lt\/wp-json\/wp\/v2\/types\/product"}],"wp:featuredmedia":[{"embeddable":true,"href":"https:\/\/kingarms.ee\/lt\/wp-json\/wp\/v2\/media\/125431"}],"wp:attachment":[{"href":"https:\/\/kingarms.ee\/lt\/wp-json\/wp\/v2\/media?parent=137772"}],"wp:term":[{"taxonomy":"product_brand","embeddable":true,"href":"https:\/\/kingarms.ee\/lt\/wp-json\/wp\/v2\/product_brand?post=137772"},{"taxonomy":"product_cat","embeddable":true,"href":"https:\/\/kingarms.ee\/lt\/wp-json\/wp\/v2\/product_cat?post=137772"},{"taxonomy":"product_tag","embeddable":true,"href":"https:\/\/kingarms.ee\/lt\/wp-json\/wp\/v2\/product_tag?post=137772"}],"curies":[{"name":"wp","href":"https:\/\/api.w.org\/{rel}","templated":true}]}}