{"id":137782,"date":"2022-11-14T16:48:22","date_gmt":"2024-11-18T10:51:09","guid":{"rendered":"https:\/\/kingarms.ee\/product\/fiksuotas-asmenu-peilis-sck\/"},"modified":"2024-11-18T13:51:09","modified_gmt":"2024-11-18T10:51:09","slug":"fiksuotas-asmenis-peilis-sck-2","status":"publish","type":"product","link":"https:\/\/kingarms.ee\/lt\/product\/fiksuotas-asmenis-peilis-sck-2\/","title":{"rendered":"Fiksuotas A\u0161men\u0173 Peilis SCK"},"content":{"rendered":"","protected":false},"excerpt":{"rendered":"<p>Fiksuotas a\u0161men\u0173 peilis SCK<\/p>\n<p>Fiksuotas peiliuko peilis<br \/>\nBendras 22 cm ilgis<br \/>\na\u0161men\u0173 ilgis 10 cm<br \/>\njuodas dengtas ner\u016bdijantis a\u0161menys<\/p>\n","protected":false},"featured_media":125483,"template":"","meta":{"_acf_changed":false},"product_brand":[],"product_cat":[1259],"product_tag":[],"class_list":{"0":"post-137782","1":"product","2":"type-product","3":"status-publish","4":"has-post-thumbnail","6":"product_cat-peiliai","8":"first","9":"instock","10":"purchasable","11":"product-type-simple"},"acf":[],"_links":{"self":[{"href":"https:\/\/kingarms.ee\/lt\/wp-json\/wp\/v2\/product\/137782","targetHints":{"allow":["GET"]}}],"collection":[{"href":"https:\/\/kingarms.ee\/lt\/wp-json\/wp\/v2\/product"}],"about":[{"href":"https:\/\/kingarms.ee\/lt\/wp-json\/wp\/v2\/types\/product"}],"wp:featuredmedia":[{"embeddable":true,"href":"https:\/\/kingarms.ee\/lt\/wp-json\/wp\/v2\/media\/125483"}],"wp:attachment":[{"href":"https:\/\/kingarms.ee\/lt\/wp-json\/wp\/v2\/media?parent=137782"}],"wp:term":[{"taxonomy":"product_brand","embeddable":true,"href":"https:\/\/kingarms.ee\/lt\/wp-json\/wp\/v2\/product_brand?post=137782"},{"taxonomy":"product_cat","embeddable":true,"href":"https:\/\/kingarms.ee\/lt\/wp-json\/wp\/v2\/product_cat?post=137782"},{"taxonomy":"product_tag","embeddable":true,"href":"https:\/\/kingarms.ee\/lt\/wp-json\/wp\/v2\/product_tag?post=137782"}],"curies":[{"name":"wp","href":"https:\/\/api.w.org\/{rel}","templated":true}]}}