{"id":137784,"date":"2022-11-14T16:48:22","date_gmt":"2024-11-18T10:52:56","guid":{"rendered":"https:\/\/kingarms.ee\/product\/m14series-royal-ciaupo-plokstele\/"},"modified":"2024-11-18T13:52:56","modified_gmt":"2024-11-18T10:52:56","slug":"tappet-plate-for-m14series-royal","status":"publish","type":"product","link":"https:\/\/kingarms.ee\/lt\/product\/tappet-plate-for-m14series-royal\/","title":{"rendered":"\u201eM14Series Royal\u201c \u010diaupo plok\u0161tel\u0117"},"content":{"rendered":"","protected":false},"excerpt":{"rendered":"<p>\u201eM14Series Royal\u201c \u010diaupo plok\u0161tel\u0117<br \/>\nTappeto plok\u0161t\u0117<br \/>\nTinka M14 serijektriniams \u0161autuvams ir sujungtoms<\/p>\n","protected":false},"featured_media":125479,"template":"","meta":{"_acf_changed":false},"product_brand":[],"product_cat":[1250],"product_tag":[],"class_list":{"0":"post-137784","1":"product","2":"type-product","3":"status-publish","4":"has-post-thumbnail","6":"product_cat-derinimas","8":"first","9":"instock","10":"purchasable","11":"product-type-simple"},"acf":[],"_links":{"self":[{"href":"https:\/\/kingarms.ee\/lt\/wp-json\/wp\/v2\/product\/137784","targetHints":{"allow":["GET"]}}],"collection":[{"href":"https:\/\/kingarms.ee\/lt\/wp-json\/wp\/v2\/product"}],"about":[{"href":"https:\/\/kingarms.ee\/lt\/wp-json\/wp\/v2\/types\/product"}],"wp:featuredmedia":[{"embeddable":true,"href":"https:\/\/kingarms.ee\/lt\/wp-json\/wp\/v2\/media\/125479"}],"wp:attachment":[{"href":"https:\/\/kingarms.ee\/lt\/wp-json\/wp\/v2\/media?parent=137784"}],"wp:term":[{"taxonomy":"product_brand","embeddable":true,"href":"https:\/\/kingarms.ee\/lt\/wp-json\/wp\/v2\/product_brand?post=137784"},{"taxonomy":"product_cat","embeddable":true,"href":"https:\/\/kingarms.ee\/lt\/wp-json\/wp\/v2\/product_cat?post=137784"},{"taxonomy":"product_tag","embeddable":true,"href":"https:\/\/kingarms.ee\/lt\/wp-json\/wp\/v2\/product_tag?post=137784"}],"curies":[{"name":"wp","href":"https:\/\/api.w.org\/{rel}","templated":true}]}}