{"id":137790,"date":"2022-11-14T16:48:22","date_gmt":"2024-11-18T10:59:26","guid":{"rendered":"https:\/\/kingarms.ee\/product\/pavaru-rinkinio-modifikavimas\/"},"modified":"2024-11-18T13:59:26","modified_gmt":"2024-11-18T10:59:26","slug":"pavaru-rinkinys-modifikuotas","status":"publish","type":"product","link":"https:\/\/kingarms.ee\/lt\/product\/pavaru-rinkinys-modifikuotas\/","title":{"rendered":"Pavar\u0173 rinkinio modifikavimas"},"content":{"rendered":"","protected":false},"excerpt":{"rendered":"<p>Pavar\u0173 rinkinys Modifikuoti Modifikuoti pavar\u0173 nustatymo sukimo moment\u0105<br \/>\nPavar\u0173 d\u0117\u017e\u0117s pavar\u0173 d\u0117\u017e\u0117 ver.2ver.3 Ver.6<\/p>\n","protected":false},"featured_media":125231,"template":"","meta":{"_acf_changed":false},"product_brand":[],"product_cat":[1250],"product_tag":[],"class_list":{"0":"post-137790","1":"product","2":"type-product","3":"status-publish","4":"has-post-thumbnail","6":"product_cat-derinimas","8":"first","9":"instock","10":"purchasable","11":"product-type-simple"},"acf":[],"_links":{"self":[{"href":"https:\/\/kingarms.ee\/lt\/wp-json\/wp\/v2\/product\/137790","targetHints":{"allow":["GET"]}}],"collection":[{"href":"https:\/\/kingarms.ee\/lt\/wp-json\/wp\/v2\/product"}],"about":[{"href":"https:\/\/kingarms.ee\/lt\/wp-json\/wp\/v2\/types\/product"}],"wp:featuredmedia":[{"embeddable":true,"href":"https:\/\/kingarms.ee\/lt\/wp-json\/wp\/v2\/media\/125231"}],"wp:attachment":[{"href":"https:\/\/kingarms.ee\/lt\/wp-json\/wp\/v2\/media?parent=137790"}],"wp:term":[{"taxonomy":"product_brand","embeddable":true,"href":"https:\/\/kingarms.ee\/lt\/wp-json\/wp\/v2\/product_brand?post=137790"},{"taxonomy":"product_cat","embeddable":true,"href":"https:\/\/kingarms.ee\/lt\/wp-json\/wp\/v2\/product_cat?post=137790"},{"taxonomy":"product_tag","embeddable":true,"href":"https:\/\/kingarms.ee\/lt\/wp-json\/wp\/v2\/product_tag?post=137790"}],"curies":[{"name":"wp","href":"https:\/\/api.w.org\/{rel}","templated":true}]}}