{"id":137794,"date":"2022-11-14T16:48:22","date_gmt":"2024-11-18T11:03:12","guid":{"rendered":"https:\/\/kingarms.ee\/product\/aukstu-ziedu-1-tvirtinimas-20-mm-begeliams-js-taktical\/"},"modified":"2024-11-18T14:03:12","modified_gmt":"2024-11-18T11:03:12","slug":"aukstos-ziedai-mont-1for-20mm-rails-js-taktical","status":"publish","type":"product","link":"https:\/\/kingarms.ee\/lt\/product\/aukstos-ziedai-mont-1for-20mm-rails-js-taktical\/","title":{"rendered":"Auk\u0161t\u0173 \u017eied\u0173 1 tvirtinimas 20 mm b\u0117geliams js-taktical"},"content":{"rendered":"","protected":false},"excerpt":{"rendered":"<p>Auk\u0161t\u0173 \u017eied\u0173 1 tvirtinimas 20 mm b\u0117geliams js-taktical<br \/>\nAuk\u0161t\u0173 \u017eied\u0173 pora<br \/>\n1 skersmuo &#8221;<br \/>\nTinka standartin\u0117ms 20 mmrails<br \/>\nAliuminio konstrukcija<br \/>\nVienos \u201eMountDimensions\u201c 56 mm x 46 mm x34mm<br \/>\nVieno kalno svoris 32G<\/p>\n","protected":false},"featured_media":125215,"template":"","meta":{"_acf_changed":false},"product_brand":[],"product_cat":[1204],"product_tag":[],"class_list":{"0":"post-137794","1":"product","2":"type-product","3":"status-publish","4":"has-post-thumbnail","6":"product_cat-ziedai-lt","8":"first","9":"instock","10":"sale","11":"purchasable","12":"product-type-simple"},"acf":[],"_links":{"self":[{"href":"https:\/\/kingarms.ee\/lt\/wp-json\/wp\/v2\/product\/137794","targetHints":{"allow":["GET"]}}],"collection":[{"href":"https:\/\/kingarms.ee\/lt\/wp-json\/wp\/v2\/product"}],"about":[{"href":"https:\/\/kingarms.ee\/lt\/wp-json\/wp\/v2\/types\/product"}],"wp:featuredmedia":[{"embeddable":true,"href":"https:\/\/kingarms.ee\/lt\/wp-json\/wp\/v2\/media\/125215"}],"wp:attachment":[{"href":"https:\/\/kingarms.ee\/lt\/wp-json\/wp\/v2\/media?parent=137794"}],"wp:term":[{"taxonomy":"product_brand","embeddable":true,"href":"https:\/\/kingarms.ee\/lt\/wp-json\/wp\/v2\/product_brand?post=137794"},{"taxonomy":"product_cat","embeddable":true,"href":"https:\/\/kingarms.ee\/lt\/wp-json\/wp\/v2\/product_cat?post=137794"},{"taxonomy":"product_tag","embeddable":true,"href":"https:\/\/kingarms.ee\/lt\/wp-json\/wp\/v2\/product_tag?post=137794"}],"curies":[{"name":"wp","href":"https:\/\/api.w.org\/{rel}","templated":true}]}}