{"id":137804,"date":"2022-10-31T19:48:25","date_gmt":"2024-11-18T11:50:10","guid":{"rendered":"https:\/\/kingarms.ee\/product\/auksciausi-pagrindiniai-aktyvus-voztuvai-sordin\/"},"modified":"2024-11-18T14:50:10","modified_gmt":"2024-11-18T11:50:10","slug":"auksciausiasis-aptarnavimas-sordinas","status":"publish","type":"product","link":"https:\/\/kingarms.ee\/lt\/product\/auksciausiasis-aptarnavimas-sordinas\/","title":{"rendered":"Auk\u0161\u010diausi pagrindiniai aktyv\u016bs vo\u017etuvai (SORDIN)"},"content":{"rendered":"<p><img loading=\"lazy\" decoding=\"async\" class=\"alignnone size-full wp-image-74040\" src=\"https:\/\/kingarms.ee\/wp-content\/uploads\/2022\/10\/supreme11.jpg\" alt=\"\" width=\"1200\" height=\"890\" srcset=\"https:\/\/kingarms.ee\/wp-content\/uploads\/2022\/10\/supreme11.jpg 1200w, https:\/\/kingarms.ee\/wp-content\/uploads\/2022\/10\/supreme11-300x223.jpg 300w, https:\/\/kingarms.ee\/wp-content\/uploads\/2022\/10\/supreme11-1024x759.jpg 1024w, https:\/\/kingarms.ee\/wp-content\/uploads\/2022\/10\/supreme11-768x570.jpg 768w, https:\/\/kingarms.ee\/wp-content\/uploads\/2022\/10\/supreme11-500x371.jpg 500w, https:\/\/kingarms.ee\/wp-content\/uploads\/2022\/10\/supreme11-150x111.jpg 150w\" sizes=\"auto, (max-width: 1200px) 100vw, 1200px\" \/><\/p>\n","protected":false},"excerpt":{"rendered":"<p>Auk\u0161\u010diausi pagrindiniai aktyv\u016bs vo\u017etuvai<\/p>\n<p>Duomenys ir funkcijos:<\/p>\n<p>Ergonominis dizainas, tinkamas \u0161audyti ir med\u017eioti<br \/>\nPlonos formos vo\u017etuvai<br \/>\nDu atskiri, gerai apsaugoti mikrofonai<br \/>\n1: 1 I\u0161orini\u0173 gars\u0173 perdavimas &#8211; nepabandykite<br \/>\n150 valand\u0173 su dviem AAA baterijomis<br \/>\nSulankstomas, tinka ki\u0161en\u0117je<br \/>\nAutomatinis i\u0161jungimas<br \/>\nAnalogin\u0117 elektronika<br \/>\nSvoris: 300 g<\/p>\n","protected":false},"featured_media":127025,"template":"","meta":{"_acf_changed":false},"product_brand":[],"product_cat":[1160],"product_tag":[],"class_list":{"0":"post-137804","1":"product","2":"type-product","3":"status-publish","4":"has-post-thumbnail","6":"product_cat-aktyvios-ausines","8":"first","9":"instock","10":"taxable","11":"shipping-taxable","12":"purchasable","13":"product-type-simple"},"acf":[],"_links":{"self":[{"href":"https:\/\/kingarms.ee\/lt\/wp-json\/wp\/v2\/product\/137804","targetHints":{"allow":["GET"]}}],"collection":[{"href":"https:\/\/kingarms.ee\/lt\/wp-json\/wp\/v2\/product"}],"about":[{"href":"https:\/\/kingarms.ee\/lt\/wp-json\/wp\/v2\/types\/product"}],"wp:featuredmedia":[{"embeddable":true,"href":"https:\/\/kingarms.ee\/lt\/wp-json\/wp\/v2\/media\/127025"}],"wp:attachment":[{"href":"https:\/\/kingarms.ee\/lt\/wp-json\/wp\/v2\/media?parent=137804"}],"wp:term":[{"taxonomy":"product_brand","embeddable":true,"href":"https:\/\/kingarms.ee\/lt\/wp-json\/wp\/v2\/product_brand?post=137804"},{"taxonomy":"product_cat","embeddable":true,"href":"https:\/\/kingarms.ee\/lt\/wp-json\/wp\/v2\/product_cat?post=137804"},{"taxonomy":"product_tag","embeddable":true,"href":"https:\/\/kingarms.ee\/lt\/wp-json\/wp\/v2\/product_tag?post=137804"}],"curies":[{"name":"wp","href":"https:\/\/api.w.org\/{rel}","templated":true}]}}