{"id":137807,"date":"2022-10-31T15:14:00","date_gmt":"2024-11-18T11:56:19","guid":{"rendered":"https:\/\/kingarms.ee\/product\/lauko-sportinis-peilis-morakniv\/"},"modified":"2024-11-18T14:56:19","modified_gmt":"2024-11-18T11:56:19","slug":"lauko-sportas-peilis-morakniv","status":"publish","type":"product","link":"https:\/\/kingarms.ee\/lt\/product\/lauko-sportas-peilis-morakniv\/","title":{"rendered":"Lauko sportinis peilis morakniv"},"content":{"rendered":"","protected":false},"excerpt":{"rendered":"<p>Lauko sportinis peilis morakniv<\/p>\n<p>A\u0161men\u0173 storis: 2,5 mm<br \/>\nA\u0161men\u0173 forma: tiesi<br \/>\nRankenos med\u017eiaga: TPE guma<br \/>\nA\u0161men\u0173 ilgis, 104 mm<br \/>\nPakuot\u0117s tipas: ma\u017emenin\u0117 prekyba<br \/>\nFlex laipsnis: standus<br \/>\nPeilio ilgis, 223 mm<br \/>\nA\u0161men\u0173 med\u017eiaga: ner\u016bdijantis plienas<\/p>\n","protected":false},"featured_media":125053,"template":"","meta":{"_acf_changed":false},"product_brand":[],"product_cat":[1261],"product_tag":[],"class_list":{"0":"post-137807","1":"product","2":"type-product","3":"status-publish","4":"has-post-thumbnail","6":"product_cat-keliones-peiliai","8":"first","9":"instock","10":"purchasable","11":"product-type-simple"},"acf":[],"_links":{"self":[{"href":"https:\/\/kingarms.ee\/lt\/wp-json\/wp\/v2\/product\/137807","targetHints":{"allow":["GET"]}}],"collection":[{"href":"https:\/\/kingarms.ee\/lt\/wp-json\/wp\/v2\/product"}],"about":[{"href":"https:\/\/kingarms.ee\/lt\/wp-json\/wp\/v2\/types\/product"}],"wp:featuredmedia":[{"embeddable":true,"href":"https:\/\/kingarms.ee\/lt\/wp-json\/wp\/v2\/media\/125053"}],"wp:attachment":[{"href":"https:\/\/kingarms.ee\/lt\/wp-json\/wp\/v2\/media?parent=137807"}],"wp:term":[{"taxonomy":"product_brand","embeddable":true,"href":"https:\/\/kingarms.ee\/lt\/wp-json\/wp\/v2\/product_brand?post=137807"},{"taxonomy":"product_cat","embeddable":true,"href":"https:\/\/kingarms.ee\/lt\/wp-json\/wp\/v2\/product_cat?post=137807"},{"taxonomy":"product_tag","embeddable":true,"href":"https:\/\/kingarms.ee\/lt\/wp-json\/wp\/v2\/product_tag?post=137807"}],"curies":[{"name":"wp","href":"https:\/\/api.w.org\/{rel}","templated":true}]}}