{"id":137817,"date":"2022-10-31T15:13:51","date_gmt":"2024-11-18T14:36:43","guid":{"rendered":"https:\/\/kingarms.ee\/product\/kempingas-kirvis-moraknivas\/"},"modified":"2024-11-18T17:36:43","modified_gmt":"2024-11-18T14:36:43","slug":"stovyklavietes-morakniv","status":"publish","type":"product","link":"https:\/\/kingarms.ee\/lt\/product\/stovyklavietes-morakniv\/","title":{"rendered":"Kempingas kirvis Moraknivas"},"content":{"rendered":"","protected":false},"excerpt":{"rendered":"<p>Kempingas kirvis Moraknivas<\/p>\n<p>A\u0161men\u0173 med\u017eiaga: boro plienas<br \/>\nRankenos med\u017eiaga: polipropenas<br \/>\nA\u0161men\u0173 ilgis: 115 mm<br \/>\nA\u0161men\u0173 storis: 6 mm<br \/>\nPeilio ilgis: 335 mm<br \/>\nGrynasis svoris: 521 g<\/p>\n","protected":false},"featured_media":125055,"template":"","meta":{"_acf_changed":false},"product_brand":[],"product_cat":[1261],"product_tag":[],"class_list":{"0":"post-137817","1":"product","2":"type-product","3":"status-publish","4":"has-post-thumbnail","6":"product_cat-keliones-peiliai","8":"first","9":"instock","10":"purchasable","11":"product-type-simple"},"acf":[],"_links":{"self":[{"href":"https:\/\/kingarms.ee\/lt\/wp-json\/wp\/v2\/product\/137817","targetHints":{"allow":["GET"]}}],"collection":[{"href":"https:\/\/kingarms.ee\/lt\/wp-json\/wp\/v2\/product"}],"about":[{"href":"https:\/\/kingarms.ee\/lt\/wp-json\/wp\/v2\/types\/product"}],"wp:featuredmedia":[{"embeddable":true,"href":"https:\/\/kingarms.ee\/lt\/wp-json\/wp\/v2\/media\/125055"}],"wp:attachment":[{"href":"https:\/\/kingarms.ee\/lt\/wp-json\/wp\/v2\/media?parent=137817"}],"wp:term":[{"taxonomy":"product_brand","embeddable":true,"href":"https:\/\/kingarms.ee\/lt\/wp-json\/wp\/v2\/product_brand?post=137817"},{"taxonomy":"product_cat","embeddable":true,"href":"https:\/\/kingarms.ee\/lt\/wp-json\/wp\/v2\/product_cat?post=137817"},{"taxonomy":"product_tag","embeddable":true,"href":"https:\/\/kingarms.ee\/lt\/wp-json\/wp\/v2\/product_tag?post=137817"}],"curies":[{"name":"wp","href":"https:\/\/api.w.org\/{rel}","templated":true}]}}