{"id":137844,"date":"2022-10-17T15:47:21","date_gmt":"2024-11-18T16:35:05","guid":{"rendered":"https:\/\/kingarms.ee\/product\/juru-salmo-virselis\/"},"modified":"2024-11-18T19:35:05","modified_gmt":"2024-11-18T16:35:05","slug":"juru-helmet-cover","status":"publish","type":"product","link":"https:\/\/kingarms.ee\/lt\/product\/juru-helmet-cover\/","title":{"rendered":"J\u016br\u0173 \u0161almo vir\u0161elis"},"content":{"rendered":"","protected":false},"excerpt":{"rendered":"<p>Gamintojas: FMA<br \/>\nMed\u017eiaga: nailonas + tinklelis + velcro<br \/>\nSvoris: 55 g<br \/>\nSavyb\u0117s:<br \/>\nTik tinkamas FMA FMA j\u016br\u0173 \u0161almo naudojimas<br \/>\nPagaminta auk\u0161tos kokyb\u0117s nailono med\u017eiagos<\/p>\n","protected":false},"featured_media":124511,"template":"","meta":{"_acf_changed":false},"product_brand":[],"product_cat":[1209,1216,1217],"product_tag":[],"class_list":{"0":"post-137844","1":"product","2":"type-product","3":"status-publish","4":"has-post-thumbnail","6":"product_cat-iranga","7":"product_cat-salmai","8":"product_cat-salmo-laikikliai","10":"first","11":"instock","12":"purchasable","13":"product-type-simple"},"acf":[],"_links":{"self":[{"href":"https:\/\/kingarms.ee\/lt\/wp-json\/wp\/v2\/product\/137844","targetHints":{"allow":["GET"]}}],"collection":[{"href":"https:\/\/kingarms.ee\/lt\/wp-json\/wp\/v2\/product"}],"about":[{"href":"https:\/\/kingarms.ee\/lt\/wp-json\/wp\/v2\/types\/product"}],"wp:featuredmedia":[{"embeddable":true,"href":"https:\/\/kingarms.ee\/lt\/wp-json\/wp\/v2\/media\/124511"}],"wp:attachment":[{"href":"https:\/\/kingarms.ee\/lt\/wp-json\/wp\/v2\/media?parent=137844"}],"wp:term":[{"taxonomy":"product_brand","embeddable":true,"href":"https:\/\/kingarms.ee\/lt\/wp-json\/wp\/v2\/product_brand?post=137844"},{"taxonomy":"product_cat","embeddable":true,"href":"https:\/\/kingarms.ee\/lt\/wp-json\/wp\/v2\/product_cat?post=137844"},{"taxonomy":"product_tag","embeddable":true,"href":"https:\/\/kingarms.ee\/lt\/wp-json\/wp\/v2\/product_tag?post=137844"}],"curies":[{"name":"wp","href":"https:\/\/api.w.org\/{rel}","templated":true}]}}