{"id":137860,"date":"2022-10-17T15:47:10","date_gmt":"2024-11-20T08:14:30","guid":{"rendered":"https:\/\/kingarms.ee\/product\/strikefire-ii-raudona-apimties-sukurys\/"},"modified":"2024-11-20T11:14:30","modified_gmt":"2024-11-20T08:14:30","slug":"strikefire-ii-red-red-srities-vorteksas","status":"publish","type":"product","link":"https:\/\/kingarms.ee\/lt\/product\/strikefire-ii-red-red-srities-vorteksas\/","title":{"rendered":"\u201eStrikeFire II\u201c raudona apimties s\u016bkurys"},"content":{"rendered":"","protected":false},"excerpt":{"rendered":"<p>\u201eStrikeFire II\u201c raudonos apimties s\u016bkurys Kai situacijos reikalauja sekund\u0117s sekund\u0117s tikslo \u012fsigijimo ir maksimalaus matymo lauko, pritvirtinkite \u201eStrikeFire II\u201c ir \u0161audykite. Palyginti su ma\u017eesniais raudonais ta\u0161kais, tokiais kaip \u201eSPARC\u201c ar \u201eCrossfire\u201c, didesnis \u201eStrikeFire II\u201c tikslas ir 30 mm vamzd\u017ei\u0173 konstrukcija suteikia didesn\u012f matymo lauk\u0105 ir leid\u017eia j\u012f pritvirtinti beveik bet kuriame auk\u0161tyje, naudojant da\u017eniausiai \u012fprastus 30 mm \u017eiedus. \u201e4 MOA Dot\u201c lengva greitai \u012fsigyti, tod\u0117l j\u012f galima \u012fsigyti tik raudonai arba vartotojo pasirinkta raudona\/\u017ealia.<\/p>\n","protected":false},"featured_media":124670,"template":"","meta":{"_acf_changed":false},"product_brand":[],"product_cat":[1167],"product_tag":[],"class_list":{"0":"post-137860","1":"product","2":"type-product","3":"status-publish","4":"has-post-thumbnail","6":"product_cat-raudoni-taskiniai-taikiniai","8":"first","9":"instock","10":"sale","11":"purchasable","12":"product-type-simple"},"acf":[],"_links":{"self":[{"href":"https:\/\/kingarms.ee\/lt\/wp-json\/wp\/v2\/product\/137860","targetHints":{"allow":["GET"]}}],"collection":[{"href":"https:\/\/kingarms.ee\/lt\/wp-json\/wp\/v2\/product"}],"about":[{"href":"https:\/\/kingarms.ee\/lt\/wp-json\/wp\/v2\/types\/product"}],"wp:featuredmedia":[{"embeddable":true,"href":"https:\/\/kingarms.ee\/lt\/wp-json\/wp\/v2\/media\/124670"}],"wp:attachment":[{"href":"https:\/\/kingarms.ee\/lt\/wp-json\/wp\/v2\/media?parent=137860"}],"wp:term":[{"taxonomy":"product_brand","embeddable":true,"href":"https:\/\/kingarms.ee\/lt\/wp-json\/wp\/v2\/product_brand?post=137860"},{"taxonomy":"product_cat","embeddable":true,"href":"https:\/\/kingarms.ee\/lt\/wp-json\/wp\/v2\/product_cat?post=137860"},{"taxonomy":"product_tag","embeddable":true,"href":"https:\/\/kingarms.ee\/lt\/wp-json\/wp\/v2\/product_tag?post=137860"}],"curies":[{"name":"wp","href":"https:\/\/api.w.org\/{rel}","templated":true}]}}