{"id":137862,"date":"2022-10-17T15:47:10","date_gmt":"2024-11-20T08:16:21","guid":{"rendered":"https:\/\/kingarms.ee\/product\/binoculars-diamondback-hd-sukurys\/"},"modified":"2024-11-20T11:16:21","modified_gmt":"2024-11-20T08:16:21","slug":"ziuronai-diamondback-hd-vorteksas","status":"publish","type":"product","link":"https:\/\/kingarms.ee\/lt\/product\/ziuronai-diamondback-hd-vorteksas\/","title":{"rendered":"Binoculars Diamondback HD s\u016bkurys"},"content":{"rendered":"","protected":false},"excerpt":{"rendered":"<p>Binoculars Diamondback HD s\u016bkurys<\/p>\n<p>\u201e10&#215;28 Diamondback HD\u201c \u017ei\u016bronai, pasi\u017eymintys didel\u0117s rai\u0161kos optine sistema, lengvu magnio lydinio korpusu ir galingas didinant tolimoms detal\u0117ms, yra universali optika, tinkanti \u012fvairiausiems naudojimo b\u016bdams.\u2028\u2028\u201eDiamondback HD\u201c vaizduoja vaizdus su minimalia chromatine aberacija, i\u0161skirtine spalv\u0173 i\u0161tikimybe, nuo kra\u0161to iki kra\u0161to a\u0161trumo ir optimali\u0105 \u0161viesos perdavim\u0105 naudojant auk\u0161tos rai\u0161kos stiklo, rodykl\u0117s suderinto objektyvo konfig\u016bracijos, XR plius l\u0119\u0161i\u0173 dang\u0173 ir dielektrini\u0173 padengt\u0173, padengt\u0173 dielektriniu, Fazi\u0173 taisymo stogo prizm\u0117s. Minimalus d\u0117mesys yra palankus pauk\u0161\u010diams 6 p\u0117d\u0173. Objektyvai yra apsaugoti nuo \u012fbr\u0117\u017eim\u0173, aliejaus ir dulki\u0173 \u201eArmortek\u201c i\u0161orinio objektyvo danga.<\/p>\n","protected":false},"featured_media":124652,"template":"","meta":{"_acf_changed":false},"product_brand":[],"product_cat":[1185],"product_tag":[],"class_list":{"0":"post-137862","1":"product","2":"type-product","3":"status-publish","4":"has-post-thumbnail","6":"product_cat-ziuronas","8":"first","9":"instock","10":"purchasable","11":"product-type-simple"},"acf":[],"_links":{"self":[{"href":"https:\/\/kingarms.ee\/lt\/wp-json\/wp\/v2\/product\/137862","targetHints":{"allow":["GET"]}}],"collection":[{"href":"https:\/\/kingarms.ee\/lt\/wp-json\/wp\/v2\/product"}],"about":[{"href":"https:\/\/kingarms.ee\/lt\/wp-json\/wp\/v2\/types\/product"}],"wp:featuredmedia":[{"embeddable":true,"href":"https:\/\/kingarms.ee\/lt\/wp-json\/wp\/v2\/media\/124652"}],"wp:attachment":[{"href":"https:\/\/kingarms.ee\/lt\/wp-json\/wp\/v2\/media?parent=137862"}],"wp:term":[{"taxonomy":"product_brand","embeddable":true,"href":"https:\/\/kingarms.ee\/lt\/wp-json\/wp\/v2\/product_brand?post=137862"},{"taxonomy":"product_cat","embeddable":true,"href":"https:\/\/kingarms.ee\/lt\/wp-json\/wp\/v2\/product_cat?post=137862"},{"taxonomy":"product_tag","embeddable":true,"href":"https:\/\/kingarms.ee\/lt\/wp-json\/wp\/v2\/product_tag?post=137862"}],"curies":[{"name":"wp","href":"https:\/\/api.w.org\/{rel}","templated":true}]}}