{"id":137866,"date":"2022-10-17T15:47:10","date_gmt":"2024-11-20T08:20:25","guid":{"rendered":"https:\/\/kingarms.ee\/product\/ausu-kistukas\/"},"modified":"2024-11-20T11:20:25","modified_gmt":"2024-11-20T08:20:25","slug":"ausu-kistukas","status":"publish","type":"product","link":"https:\/\/kingarms.ee\/lt\/product\/ausu-kistukas\/","title":{"rendered":"Aus\u0173 ki\u0161tukas"},"content":{"rendered":"","protected":false},"excerpt":{"rendered":"<p>Aus\u0173 ki\u0161tukas<\/p>\n<p>daugkartinio naudojimo<br \/>\nsu virve<br \/>\nGarso silpninimas:<br \/>\nSNR: 30 dB, H: 30 dB, M: 27 dB, L: 25 dB<br \/>\nCE-Normed 2754<br \/>\nEN 352-2: 2002<\/p>\n","protected":false},"featured_media":124712,"template":"","meta":{"_acf_changed":false},"product_brand":[],"product_cat":[1161],"product_tag":[],"class_list":{"0":"post-137866","1":"product","2":"type-product","3":"status-publish","4":"has-post-thumbnail","6":"product_cat-pasyvios-ausines","8":"first","9":"instock","10":"purchasable","11":"product-type-simple"},"acf":[],"_links":{"self":[{"href":"https:\/\/kingarms.ee\/lt\/wp-json\/wp\/v2\/product\/137866","targetHints":{"allow":["GET"]}}],"collection":[{"href":"https:\/\/kingarms.ee\/lt\/wp-json\/wp\/v2\/product"}],"about":[{"href":"https:\/\/kingarms.ee\/lt\/wp-json\/wp\/v2\/types\/product"}],"wp:featuredmedia":[{"embeddable":true,"href":"https:\/\/kingarms.ee\/lt\/wp-json\/wp\/v2\/media\/124712"}],"wp:attachment":[{"href":"https:\/\/kingarms.ee\/lt\/wp-json\/wp\/v2\/media?parent=137866"}],"wp:term":[{"taxonomy":"product_brand","embeddable":true,"href":"https:\/\/kingarms.ee\/lt\/wp-json\/wp\/v2\/product_brand?post=137866"},{"taxonomy":"product_cat","embeddable":true,"href":"https:\/\/kingarms.ee\/lt\/wp-json\/wp\/v2\/product_cat?post=137866"},{"taxonomy":"product_tag","embeddable":true,"href":"https:\/\/kingarms.ee\/lt\/wp-json\/wp\/v2\/product_tag?post=137866"}],"curies":[{"name":"wp","href":"https:\/\/api.w.org\/{rel}","templated":true}]}}