{"id":137874,"date":"2022-10-17T13:31:16","date_gmt":"2024-11-20T08:32:08","guid":{"rendered":"https:\/\/kingarms.ee\/product\/miegmaisio-taktinis-5\/"},"modified":"2024-11-20T11:32:08","modified_gmt":"2024-11-20T08:32:08","slug":"miegmaisio-taktika-5","status":"publish","type":"product","link":"https:\/\/kingarms.ee\/lt\/product\/miegmaisio-taktika-5\/","title":{"rendered":"Miegmai\u0161io taktinis 5"},"content":{"rendered":"<p>Miegmai\u0161io taktinis 5<\/p>\n<p><img loading=\"lazy\" decoding=\"async\" class=\"alignnone size-medium wp-image-63678\" src=\"https:\/\/kingarms.ee\/wp-content\/uploads\/2022\/10\/tactical-5-t5-magamiskott-oliivroheline-300x300.jpeg\" alt=\"\" width=\"300\" height=\"300\" srcset=\"https:\/\/kingarms.ee\/wp-content\/uploads\/2022\/10\/tactical-5-t5-magamiskott-oliivroheline-300x300.jpeg 300w, https:\/\/kingarms.ee\/wp-content\/uploads\/2022\/10\/tactical-5-t5-magamiskott-oliivroheline-150x150.jpeg 150w, https:\/\/kingarms.ee\/wp-content\/uploads\/2022\/10\/tactical-5-t5-magamiskott-oliivroheline-768x768.jpeg 768w, https:\/\/kingarms.ee\/wp-content\/uploads\/2022\/10\/tactical-5-t5-magamiskott-oliivroheline-500x500.jpeg 500w, https:\/\/kingarms.ee\/wp-content\/uploads\/2022\/10\/tactical-5-t5-magamiskott-oliivroheline.jpeg 800w\" sizes=\"auto, (max-width: 300px) 100vw, 300px\" \/><\/p>\n","protected":false},"excerpt":{"rendered":"<p>Med\u017eiaga: 100% nailonas, \u201eTeflon\u00ae by Dupont \u2122\u201c dangtelis<br \/>\nVidin\u0117 med\u017eiaga: 100% \u201eNalon\u201c, \u201eTeflon\u00ae by Dupont \u2122\u201c dangtelis<br \/>\nU\u017epildymas: 100% poliesteris (\u201eTherMolite\u00ae\u201c, 300 g\/qm)<br \/>\nTransporto krep\u0161ys: 100% nailonas (Oksfordas), poliotanas<\/p>\n<p>Matmenys: 230 x 80 (pe\u010di\u0173 auk\u0161tis) cm<br \/>\nSupakuota: 43 x 28 cm<br \/>\nSvoris: 2,150 g<br \/>\nMinimali temperat\u016bra: -30 \u00b0 C<\/p>\n<p>&#8211; \u201eTeflon\u00ae\u201c vir\u0161elio baz\u0117 &#8211; atstumia skys\u010dius<br \/>\n-Thermolito-auk\u0161to technologijos u\u017epildymas \u0161ilta, o ne tiek sveria svor\u012f<br \/>\n-2&#8211; Kryptis u\u017eraktas \u0161one<br \/>\n&#8211; Ki\u0161en\u0117s viduje<\/p>\n","protected":false},"featured_media":124375,"template":"","meta":{"_acf_changed":false},"product_brand":[],"product_cat":[1238],"product_tag":[],"class_list":{"0":"post-137874","1":"product","2":"type-product","3":"status-publish","4":"has-post-thumbnail","6":"product_cat-miegmaisiai","8":"first","9":"onbackorder","10":"taxable","11":"shipping-taxable","12":"product-type-simple"},"acf":[],"_links":{"self":[{"href":"https:\/\/kingarms.ee\/lt\/wp-json\/wp\/v2\/product\/137874","targetHints":{"allow":["GET"]}}],"collection":[{"href":"https:\/\/kingarms.ee\/lt\/wp-json\/wp\/v2\/product"}],"about":[{"href":"https:\/\/kingarms.ee\/lt\/wp-json\/wp\/v2\/types\/product"}],"wp:featuredmedia":[{"embeddable":true,"href":"https:\/\/kingarms.ee\/lt\/wp-json\/wp\/v2\/media\/124375"}],"wp:attachment":[{"href":"https:\/\/kingarms.ee\/lt\/wp-json\/wp\/v2\/media?parent=137874"}],"wp:term":[{"taxonomy":"product_brand","embeddable":true,"href":"https:\/\/kingarms.ee\/lt\/wp-json\/wp\/v2\/product_brand?post=137874"},{"taxonomy":"product_cat","embeddable":true,"href":"https:\/\/kingarms.ee\/lt\/wp-json\/wp\/v2\/product_cat?post=137874"},{"taxonomy":"product_tag","embeddable":true,"href":"https:\/\/kingarms.ee\/lt\/wp-json\/wp\/v2\/product_tag?post=137874"}],"curies":[{"name":"wp","href":"https:\/\/api.w.org\/{rel}","templated":true}]}}