{"id":137878,"date":"2022-10-10T16:11:27","date_gmt":"2024-11-20T08:45:00","guid":{"rendered":"https:\/\/kingarms.ee\/product\/ziemos-pirstines-saltojo-darbo-m-pact-s-8-mechanix\/"},"modified":"2024-11-20T11:45:00","modified_gmt":"2024-11-20T08:45:00","slug":"ziemos-slenksciu-mechanikliu-saltinis-m-pact-size-s-8","status":"publish","type":"product","link":"https:\/\/kingarms.ee\/lt\/product\/ziemos-slenksciu-mechanikliu-saltinis-m-pact-size-s-8\/","title":{"rendered":"\u017diemos pir\u0161tin\u0117s \u0160altojo darbo M-PACT S\/8 MECHANIX"},"content":{"rendered":"","protected":false},"excerpt":{"rendered":"<p>\u017diemos pir\u0161tin\u0117s \u0160altojo darbo M-PACT S\/8 MECHANIX<\/p>\n<p>\u2022 Termoplastinis gumos (TPR) u\u017edarymas<br \/>\n\u2022 Termoplastin\u0117s gumos (TPR) sm\u016bgio apsauga<br \/>\n\u2022 Vandeniui atspari\u0173 mink\u0161t\u0173j\u0173 rank\u0173 u\u017epakalin\u0117 dalis<br \/>\n\u2022 Laminuotas v\u0117jo barjeras suteikia kritin\u012f v\u0117jo atsparum\u0105<br \/>\n\u2022 C40 3M Tauk\u0161tis izoliacija<br \/>\n\u2022 Dviej\u0173 sluoksni\u0173 vidinis pir\u0161t\u0173 galiuk\u0173 armat\u016bra<br \/>\n\u2022 D3O\u00ae palmi\u0173 pamink\u0161tinimas sugeria ir i\u0161sklaido didelio poveikio energij\u0105<\/p>\n","protected":false},"featured_media":124328,"template":"","meta":{"_acf_changed":false},"product_brand":[],"product_cat":[1234],"product_tag":[],"class_list":{"0":"post-137878","1":"product","2":"type-product","3":"status-publish","4":"has-post-thumbnail","6":"product_cat-pirstines","8":"first","9":"instock","10":"sale","11":"purchasable","12":"product-type-simple"},"acf":[],"_links":{"self":[{"href":"https:\/\/kingarms.ee\/lt\/wp-json\/wp\/v2\/product\/137878","targetHints":{"allow":["GET"]}}],"collection":[{"href":"https:\/\/kingarms.ee\/lt\/wp-json\/wp\/v2\/product"}],"about":[{"href":"https:\/\/kingarms.ee\/lt\/wp-json\/wp\/v2\/types\/product"}],"wp:featuredmedia":[{"embeddable":true,"href":"https:\/\/kingarms.ee\/lt\/wp-json\/wp\/v2\/media\/124328"}],"wp:attachment":[{"href":"https:\/\/kingarms.ee\/lt\/wp-json\/wp\/v2\/media?parent=137878"}],"wp:term":[{"taxonomy":"product_brand","embeddable":true,"href":"https:\/\/kingarms.ee\/lt\/wp-json\/wp\/v2\/product_brand?post=137878"},{"taxonomy":"product_cat","embeddable":true,"href":"https:\/\/kingarms.ee\/lt\/wp-json\/wp\/v2\/product_cat?post=137878"},{"taxonomy":"product_tag","embeddable":true,"href":"https:\/\/kingarms.ee\/lt\/wp-json\/wp\/v2\/product_tag?post=137878"}],"curies":[{"name":"wp","href":"https:\/\/api.w.org\/{rel}","templated":true}]}}