{"id":137880,"date":"2022-10-10T16:11:27","date_gmt":"2024-11-20T08:47:17","guid":{"rendered":"https:\/\/kingarms.ee\/product\/ziemos-pirstines-sub20-realtree-m-9-mechanix\/"},"modified":"2024-11-20T11:47:17","modified_gmt":"2024-11-20T08:47:17","slug":"ziemos-slenksciu-mechanikliu-sub20-realtree-size-m-9","status":"publish","type":"product","link":"https:\/\/kingarms.ee\/lt\/product\/ziemos-slenksciu-mechanikliu-sub20-realtree-size-m-9\/","title":{"rendered":"\u017diemos pir\u0161tin\u0117s \u201eSub20 RealTree M\/9 Mechanix\u201c"},"content":{"rendered":"","protected":false},"excerpt":{"rendered":"<p>\u017diemos pir\u0161tin\u0117s \u201eSub20 RealTree M\/9 Mechanix\u201c<\/p>\n<p>\u2022 I\u0161pl\u0117stas rankogaliai su kabliuko ir kilpos rie\u0161o u\u017edarymu<br \/>\n\u2022 Sunkiasvori\u0173 vilnos konstrukcija su vandeniui atspariu mink\u0161tu apvalkalu rankomis<br \/>\n\u2022 Sunkiasvori\u0173 vilnos konstrukcija su vandeniui atspariu mink\u0161tu apvalkalu rankomis<br \/>\n\u2022 \u201ePrimaloft\u00ae\u201c aukso izoliacija<br \/>\n\u2022 Tvirtas \u201eArmortex\u00ae\u201c palmes prie\u0161inasi vandeniui<br \/>\n\u2022 Jutiklinio ekrano galinis rodykl\u0117<\/p>\n","protected":false},"featured_media":124331,"template":"","meta":{"_acf_changed":false},"product_brand":[],"product_cat":[1234],"product_tag":[],"class_list":{"0":"post-137880","1":"product","2":"type-product","3":"status-publish","4":"has-post-thumbnail","6":"product_cat-pirstines","8":"first","9":"instock","10":"sale","11":"purchasable","12":"product-type-simple"},"acf":[],"_links":{"self":[{"href":"https:\/\/kingarms.ee\/lt\/wp-json\/wp\/v2\/product\/137880","targetHints":{"allow":["GET"]}}],"collection":[{"href":"https:\/\/kingarms.ee\/lt\/wp-json\/wp\/v2\/product"}],"about":[{"href":"https:\/\/kingarms.ee\/lt\/wp-json\/wp\/v2\/types\/product"}],"wp:featuredmedia":[{"embeddable":true,"href":"https:\/\/kingarms.ee\/lt\/wp-json\/wp\/v2\/media\/124331"}],"wp:attachment":[{"href":"https:\/\/kingarms.ee\/lt\/wp-json\/wp\/v2\/media?parent=137880"}],"wp:term":[{"taxonomy":"product_brand","embeddable":true,"href":"https:\/\/kingarms.ee\/lt\/wp-json\/wp\/v2\/product_brand?post=137880"},{"taxonomy":"product_cat","embeddable":true,"href":"https:\/\/kingarms.ee\/lt\/wp-json\/wp\/v2\/product_cat?post=137880"},{"taxonomy":"product_tag","embeddable":true,"href":"https:\/\/kingarms.ee\/lt\/wp-json\/wp\/v2\/product_tag?post=137880"}],"curies":[{"name":"wp","href":"https:\/\/api.w.org\/{rel}","templated":true}]}}