{"id":137896,"date":"2022-10-10T15:26:45","date_gmt":"2024-11-20T09:49:18","guid":{"rendered":"https:\/\/kingarms.ee\/product\/t-a-s-l-serijos-windlider-emersonear\/"},"modified":"2024-11-20T12:49:18","modified_gmt":"2024-11-20T09:49:18","slug":"t-a-s-l-serijos-windlinder-m-emersonsonear","status":"publish","type":"product","link":"https:\/\/kingarms.ee\/lt\/product\/t-a-s-l-serijos-windlinder-m-emersonsonear\/","title":{"rendered":"T.A.S.L. Serijos \u201eWindlider Emersonear\u201c"},"content":{"rendered":"","protected":false},"excerpt":{"rendered":"<p>T.A.S.L. Serijos \u201eWindlider Emersonear\u201c<\/p>\n<p>V\u0117jo ir vandeniui atspari striuk\u0117 T.A.S.L. Serija \u201eWindliner\u201c<br \/>\nu\u017etrauktukas<br \/>\ngaubtas su elastine virve<br \/>\nKv\u0117puojantis audinys po rankomis<br \/>\nReguliuojamas apyrank\u0117 su velcro<br \/>\nReguliuojama juosmens linija elastine virvele<br \/>\nKablys ir kilpa keliui \u012f kair\u0119 rank\u0105<br \/>\nu\u017etrauktuko u\u017edarymo ki\u0161en\u0117 ant kr\u016btin\u0117s<\/p>\n","protected":false},"featured_media":134383,"template":"","meta":{"_acf_changed":false},"product_brand":[],"product_cat":[1229],"product_tag":[],"class_list":{"0":"post-137896","1":"product","2":"type-product","3":"status-publish","4":"has-post-thumbnail","6":"product_cat-striuke","8":"first","9":"instock","10":"sale","11":"purchasable","12":"product-type-variable"},"acf":[],"_links":{"self":[{"href":"https:\/\/kingarms.ee\/lt\/wp-json\/wp\/v2\/product\/137896","targetHints":{"allow":["GET"]}}],"collection":[{"href":"https:\/\/kingarms.ee\/lt\/wp-json\/wp\/v2\/product"}],"about":[{"href":"https:\/\/kingarms.ee\/lt\/wp-json\/wp\/v2\/types\/product"}],"wp:featuredmedia":[{"embeddable":true,"href":"https:\/\/kingarms.ee\/lt\/wp-json\/wp\/v2\/media\/134383"}],"wp:attachment":[{"href":"https:\/\/kingarms.ee\/lt\/wp-json\/wp\/v2\/media?parent=137896"}],"wp:term":[{"taxonomy":"product_brand","embeddable":true,"href":"https:\/\/kingarms.ee\/lt\/wp-json\/wp\/v2\/product_brand?post=137896"},{"taxonomy":"product_cat","embeddable":true,"href":"https:\/\/kingarms.ee\/lt\/wp-json\/wp\/v2\/product_cat?post=137896"},{"taxonomy":"product_tag","embeddable":true,"href":"https:\/\/kingarms.ee\/lt\/wp-json\/wp\/v2\/product_tag?post=137896"}],"curies":[{"name":"wp","href":"https:\/\/api.w.org\/{rel}","templated":true}]}}