{"id":137905,"date":"2022-10-10T15:26:45","date_gmt":"2024-11-20T09:59:44","guid":{"rendered":"https:\/\/kingarms.ee\/product\/striuke-alyvuogiu-drabu-xl-emersollear\/"},"modified":"2024-11-20T12:59:44","modified_gmt":"2024-11-20T09:59:44","slug":"striuke-olive-drab-xl-emersearear","status":"publish","type":"product","link":"https:\/\/kingarms.ee\/lt\/product\/striuke-olive-drab-xl-emersearear\/","title":{"rendered":"Striuk\u0117 alyvuogi\u0173 drabu XL EMERSOLLEAR"},"content":{"rendered":"","protected":false},"excerpt":{"rendered":"<p>Striuk\u0117 alyvuogi\u0173 drabu XL EMERSOLLEAR<\/p>\n<p>Vidin\u0117 striuk\u0117 vilna<br \/>\nV\u0117jo atsparus ir atsparus vandeniui<br \/>\n100% poliesterio<br \/>\nPasl\u0117ptas gaubtas<br \/>\nu\u017etrauktukas<br \/>\n2 priekin\u0117s ki\u0161en\u0117s<br \/>\n\u201eVelcro for ID\u201c<br \/>\n1 galin\u0117 ki\u0161en\u0117 su dvigubu u\u017etrauktuku<br \/>\nki\u0161en\u0117 ir velcro ant kiekvienos rankov\u0117s<br \/>\nReguliuojami rankogaliai<br \/>\nVentiliacijos u\u017etrauktukas i\u0161 kiekvienos pus\u0117s<br \/>\nxxxl dydis<br \/>\nalyvuogi\u0173 drab\u0173 spalva<\/p>\n","protected":false},"featured_media":134381,"template":"","meta":{"_acf_changed":false},"product_brand":[],"product_cat":[1229],"product_tag":[],"class_list":{"0":"post-137905","1":"product","2":"type-product","3":"status-publish","4":"has-post-thumbnail","6":"product_cat-striuke","8":"first","9":"instock","10":"sale","11":"purchasable","12":"product-type-simple"},"acf":[],"_links":{"self":[{"href":"https:\/\/kingarms.ee\/lt\/wp-json\/wp\/v2\/product\/137905","targetHints":{"allow":["GET"]}}],"collection":[{"href":"https:\/\/kingarms.ee\/lt\/wp-json\/wp\/v2\/product"}],"about":[{"href":"https:\/\/kingarms.ee\/lt\/wp-json\/wp\/v2\/types\/product"}],"wp:featuredmedia":[{"embeddable":true,"href":"https:\/\/kingarms.ee\/lt\/wp-json\/wp\/v2\/media\/134381"}],"wp:attachment":[{"href":"https:\/\/kingarms.ee\/lt\/wp-json\/wp\/v2\/media?parent=137905"}],"wp:term":[{"taxonomy":"product_brand","embeddable":true,"href":"https:\/\/kingarms.ee\/lt\/wp-json\/wp\/v2\/product_brand?post=137905"},{"taxonomy":"product_cat","embeddable":true,"href":"https:\/\/kingarms.ee\/lt\/wp-json\/wp\/v2\/product_cat?post=137905"},{"taxonomy":"product_tag","embeddable":true,"href":"https:\/\/kingarms.ee\/lt\/wp-json\/wp\/v2\/product_tag?post=137905"}],"curies":[{"name":"wp","href":"https:\/\/api.w.org\/{rel}","templated":true}]}}