{"id":137907,"date":"2022-10-10T15:26:33","date_gmt":"2024-11-20T10:08:10","guid":{"rendered":"https:\/\/kingarms.ee\/product\/kariniai-batai-multicam\/"},"modified":"2024-11-20T13:08:10","modified_gmt":"2024-11-20T10:08:10","slug":"kariniu-batu-multicam","status":"publish","type":"product","link":"https:\/\/kingarms.ee\/lt\/product\/kariniu-batu-multicam\/","title":{"rendered":"Kariniai batai \u201eMulticam\u201c"},"content":{"rendered":"","protected":false},"excerpt":{"rendered":"<p>Oda ir tekstil\u0117s vir\u0161utin\u0117, tekstil\u0117s vidin\u0117 danga su pamink\u0161tintomis dalimis, guminis i\u0161or\u0117<br \/>\n7 skyli\u0173 u\u017edarymas sustiprintomis kilpomis<br \/>\n\u0160oninis u\u017etrauktukas su \u201eVelcro Lock\u201c<br \/>\nsustiprintas kulnas<br \/>\ndyd\u017eiai 41\u201346<\/p>\n","protected":false},"featured_media":124021,"template":"","meta":{"_acf_changed":false},"product_brand":[],"product_cat":[1228],"product_tag":[],"class_list":{"0":"post-137907","1":"product","2":"type-product","3":"status-publish","4":"has-post-thumbnail","6":"product_cat-batai","8":"first","9":"instock","10":"purchasable","11":"product-type-simple"},"acf":[],"_links":{"self":[{"href":"https:\/\/kingarms.ee\/lt\/wp-json\/wp\/v2\/product\/137907","targetHints":{"allow":["GET"]}}],"collection":[{"href":"https:\/\/kingarms.ee\/lt\/wp-json\/wp\/v2\/product"}],"about":[{"href":"https:\/\/kingarms.ee\/lt\/wp-json\/wp\/v2\/types\/product"}],"wp:featuredmedia":[{"embeddable":true,"href":"https:\/\/kingarms.ee\/lt\/wp-json\/wp\/v2\/media\/124021"}],"wp:attachment":[{"href":"https:\/\/kingarms.ee\/lt\/wp-json\/wp\/v2\/media?parent=137907"}],"wp:term":[{"taxonomy":"product_brand","embeddable":true,"href":"https:\/\/kingarms.ee\/lt\/wp-json\/wp\/v2\/product_brand?post=137907"},{"taxonomy":"product_cat","embeddable":true,"href":"https:\/\/kingarms.ee\/lt\/wp-json\/wp\/v2\/product_cat?post=137907"},{"taxonomy":"product_tag","embeddable":true,"href":"https:\/\/kingarms.ee\/lt\/wp-json\/wp\/v2\/product_tag?post=137907"}],"curies":[{"name":"wp","href":"https:\/\/api.w.org\/{rel}","templated":true}]}}