{"id":137912,"date":"2022-10-10T15:26:33","date_gmt":"2024-11-20T10:18:55","guid":{"rendered":"https:\/\/kingarms.ee\/product\/taikymo-mastelio-keitimas-4x-objektyvas-32-mm-juodas\/"},"modified":"2024-11-20T13:18:55","modified_gmt":"2024-11-20T10:18:55","slug":"scope-zoom-4x-objektyvas-32-mm-juodas","status":"publish","type":"product","link":"https:\/\/kingarms.ee\/lt\/product\/scope-zoom-4x-objektyvas-32-mm-juodas\/","title":{"rendered":"Taikymo mastelio keitimas 4x objektyvas 32 mm juodas"},"content":{"rendered":"","protected":false},"excerpt":{"rendered":"<p>Kompaktin\u0117 apimtis<br \/>\nAliuminio konstrukcija<br \/>\nObjektyvo skersmuo 32 mm<br \/>\nfiksuotas mastelio keitimas 4x<br \/>\n1 colio vamzd\u017eio skersmuo<br \/>\nKry\u017eminis tinklelis n\u0117ra ap\u0161viestas<br \/>\nReguliuojamas v\u0117jelis ir auk\u0161tis<br \/>\n\u017diedai su laikikliu standartiniams 20 mm b\u0117geliams<br \/>\nLenso apsaugos dangteliai<br \/>\nilgis 280 mm<br \/>\nSvoris 340 g<\/p>\n","protected":false},"featured_media":124051,"template":"","meta":{"_acf_changed":false},"product_brand":[],"product_cat":[1205],"product_tag":[],"class_list":{"0":"post-137912","1":"product","2":"type-product","3":"status-publish","4":"has-post-thumbnail","6":"product_cat-vaizdai-lt","8":"first","9":"instock","10":"purchasable","11":"product-type-simple"},"acf":[],"_links":{"self":[{"href":"https:\/\/kingarms.ee\/lt\/wp-json\/wp\/v2\/product\/137912","targetHints":{"allow":["GET"]}}],"collection":[{"href":"https:\/\/kingarms.ee\/lt\/wp-json\/wp\/v2\/product"}],"about":[{"href":"https:\/\/kingarms.ee\/lt\/wp-json\/wp\/v2\/types\/product"}],"wp:featuredmedia":[{"embeddable":true,"href":"https:\/\/kingarms.ee\/lt\/wp-json\/wp\/v2\/media\/124051"}],"wp:attachment":[{"href":"https:\/\/kingarms.ee\/lt\/wp-json\/wp\/v2\/media?parent=137912"}],"wp:term":[{"taxonomy":"product_brand","embeddable":true,"href":"https:\/\/kingarms.ee\/lt\/wp-json\/wp\/v2\/product_brand?post=137912"},{"taxonomy":"product_cat","embeddable":true,"href":"https:\/\/kingarms.ee\/lt\/wp-json\/wp\/v2\/product_cat?post=137912"},{"taxonomy":"product_tag","embeddable":true,"href":"https:\/\/kingarms.ee\/lt\/wp-json\/wp\/v2\/product_tag?post=137912"}],"curies":[{"name":"wp","href":"https:\/\/api.w.org\/{rel}","templated":true}]}}